{"id":1225,"date":"2022-09-15T18:25:36","date_gmt":"2022-09-15T16:25:36","guid":{"rendered":"http:\/\/owl.lichtschreiber.de\/?page_id=1225"},"modified":"2025-11-18T15:56:05","modified_gmt":"2025-11-18T14:56:05","slug":"ueber-uns","status":"publish","type":"page","link":"https:\/\/leko.service.th-nuernberg.de\/owl\/ueber-uns\/","title":{"rendered":"\u00dcber uns"},"content":{"rendered":"\n<section class=\"wp-block-uagb-section uagb-section__wrap uagb-section__background-color alignfull uagb-block-374d1a1c\"><div class=\"uagb-section__overlay\"><\/div><div class=\"uagb-section__inner-wrap\">\n<div class=\"wp-block-media-text alignwide has-media-on-the-right is-stacked-on-mobile\" style=\"grid-template-columns:auto 30%\"><div class=\"wp-block-media-text__content\">\n<h2 class=\"wp-block-heading\">\u00dcber das OWL<\/h2>\n\n\n\n<p>Das Online Writing Lab (OWL) ist eine digitale Plattform des <a href=\"https:\/\/www.th-nuernberg.de\/einrichtungen-gesamt\/administration-und-service\/lehr-und-kompetenzentwicklung\/ueberfachliche-kompetenzen\/schreibzentrum\/\" target=\"_blank\" rel=\"noreferrer noopener\">Schreibzentrums<\/a> der <a href=\"https:\/\/www.th-nuernberg.de\/\" target=\"_blank\" rel=\"noreferrer noopener\">TH N\u00fcrnberg<\/a>, das dich und andere Studierende multimedial, barrierefrei und interaktiv beim Schreiben unterst\u00fctzt. Ziel ist es, deine Schreibkompetenzen zu st\u00e4rken.<\/p>\n\n\n\n<div style=\"height:15px\" aria-hidden=\"true\" class=\"wp-block-spacer\"><\/div>\n<\/div><figure class=\"wp-block-media-text__media\"><img decoding=\"async\" src=\"https:\/\/leko.service.th-nuernberg.de\/owl\/wp-content\/uploads\/menschenamlaptop.png\" alt=\"\" class=\"wp-image-2334 size-full\"\/><\/figure><\/div>\n\n\n\n<div style=\"height:30px\" aria-hidden=\"true\" class=\"wp-block-spacer\"><\/div>\n<\/div><\/section>\n\n\n\n<div style=\"height:30px\" aria-hidden=\"true\" class=\"wp-block-spacer\"><\/div>\n\n\n\n<h2 class=\"wp-block-heading\">Wissensdatenbank &amp; mehr<\/h2>\n\n\n\n<div class=\"wp-block-columns is-layout-flex wp-container-core-columns-is-layout-28f84493 wp-block-columns-is-layout-flex\">\n<div class=\"wp-block-column is-layout-flow wp-block-column-is-layout-flow\">\n<figure class=\"wp-block-embed is-type-video is-provider-youtube wp-block-embed-youtube wp-embed-aspect-16-9 wp-has-aspect-ratio\"><div class=\"wp-block-embed__wrapper\">\n<iframe loading=\"lazy\" hcb-fetch-image-from=\"https:\/\/www.youtube.com\/watch?v=XjxmL3vQ1As\" title=\"Was ist das OWL (Online Writing Lab)?\" width=\"500\" height=\"281\" src=\"https:\/\/www.youtube.com\/embed\/XjxmL3vQ1As?feature=oembed\" frameborder=\"0\" allow=\"accelerometer; autoplay; clipboard-write; encrypted-media; gyroscope; picture-in-picture; web-share\" referrerpolicy=\"strict-origin-when-cross-origin\" allowfullscreen><\/iframe>\n<\/div><\/figure>\n<\/div>\n\n\n\n<div class=\"wp-block-column is-layout-flow wp-block-column-is-layout-flow\">\n<p>Im Zentrum des OWL stehen die <a href=\"https:\/\/leko.service.th-nuernberg.de\/owl\/artikel\" target=\"_blank\" rel=\"noreferrer noopener\">Artikel<\/a>. <\/p>\n\n\n\n<p>Hier schlagt ihr Wissen rund ums wissenschaftliche Schreiben nach. Die Artikel sind nach verschiedenen Kategorien filterbar und lassen sich mit Hilfe der <a href=\"https:\/\/leko.service.th-nuernberg.de\/owl\/?s=&amp;post_types=artikel&amp;active_tab=1\" target=\"_blank\" rel=\"noreferrer noopener\">Suche<\/a> leicht finden.<\/p>\n\n\n\n<p> Interaktive Elemente wie <a href=\"https:\/\/leko.service.th-nuernberg.de\/owl\/owly\/\" target=\"_blank\" rel=\"noreferrer noopener\">Owly<\/a> und der <a href=\"https:\/\/leko.service.th-nuernberg.de\/owl\/schreibtypentest\/\">Schreibtypentest <\/a>bieten zus\u00e4tzlich Unterst\u00fctzung im Schreibprozess.<\/p>\n<\/div>\n<\/div>\n\n\n\n<div style=\"height:50px\" aria-hidden=\"true\" class=\"wp-block-spacer\"><\/div>\n\n\n\n<section class=\"wp-block-uagb-section uagb-section__wrap uagb-section__background-color alignfull uagb-block-000e6a60\"><div class=\"uagb-section__overlay\"><\/div><div class=\"uagb-section__inner-wrap\">\n<div class=\"wp-block-media-text alignwide has-media-on-the-right is-stacked-on-mobile\" style=\"grid-template-columns:auto 30%\"><div class=\"wp-block-media-text__content\">\n<h2 class=\"wp-block-heading\">OWL+<\/h2>\n\n\n\n<p>\u00dcber <a href=\"https:\/\/leko.service.th-nuernberg.de\/owl\/owlplus\/\" target=\"_blank\" rel=\"noreferrer noopener\">OWL+<\/a> findet ihr als Angeh\u00f6rige der Ohm exklusiv die M\u00f6glichkeit,<\/p>\n\n\n\n<ul class=\"wp-block-list\">\n<li>schriftliches Text-Feedback einzuholen,<\/li>\n\n\n\n<li>einen Termin f\u00fcr die Schreibberatung zu vereinbaren,<\/li>\n\n\n\n<li>sich zu den Workshops des Schreibzentrums anzumelden,<\/li>\n\n\n\n<li>sich einer Schreibgruppe anzuschlie\u00dfen oder selbst eine Schreibgruppe zu gr\u00fcnden.<\/li>\n<\/ul>\n\n\n\n<div style=\"height:15px\" aria-hidden=\"true\" class=\"wp-block-spacer\"><\/div>\n<\/div><figure class=\"wp-block-media-text__media\"><img decoding=\"async\" src=\"https:\/\/leko.service.th-nuernberg.de\/owl\/wp-content\/uploads\/vernetzt.png\" alt=\"\" class=\"wp-image-2366 size-full\"\/><\/figure><\/div>\n\n\n\n<div style=\"height:50px\" aria-hidden=\"true\" class=\"wp-block-spacer\"><\/div>\n<\/div><\/section>\n\n\n\n<div style=\"height:30px\" aria-hidden=\"true\" class=\"wp-block-spacer\"><\/div>\n\n\n\n<h2 class=\"wp-block-heading\">F\u00f6rderung &amp; Mitwirkende<\/h2>\n\n\n\n<p>Konzipiert und entwickelt wurde das Online Writing Lab (OWL) im Rahmen des Projekts \u201eSTARFISH: Digitale Transformation der Hochschullehre gestalten \u2013 von Wissensinseln zum vernetzten Lehr-Lern-\u00d6kosystem\u201c (2021\u20132025). Mit Projektende wird es vom <a href=\"https:\/\/www.th-nuernberg.de\/einrichtungen-gesamt\/administration-und-service\/lehr-und-kompetenzentwicklung\/ueberfachliche-kompetenzen\/schreibzentrum\/\">Schreibzentrum<\/a> der TH N\u00fcrnberg weiterentwickelt und betreut. Das Schreibzentrum ist Teil von <a href=\"https:\/\/www.th-nuernberg.de\/einrichtungen-gesamt\/administration-und-service\/lehr-und-kompetenzentwicklung\/\">LeKo<\/a> \u2013 der Einheit f\u00fcr Lehr- und Kompetenzentwicklung.<\/p>\n\n\n\n<div class=\"wp-block-media-text alignwide has-media-on-the-right is-stacked-on-mobile\" style=\"padding-top:0;padding-right:30px;padding-bottom:0;padding-left:30px;grid-template-columns:auto 30%\"><div class=\"wp-block-media-text__content\">\n<p>Das Projekt wurde gef\u00f6rdert mit Mitteln der <a href=\"https:\/\/stiftung-hochschullehre.de\/\" target=\"_blank\" rel=\"noreferrer noopener\">Stiftung Innovation in der Hochschullehre<\/a>, Treuhandstiftung in Tr\u00e4gerschaft der Toepferstiftung GmbH unter der Kennung FBM2020-EA-270.<\/p>\n\n\n\n<div style=\"height:15px\" aria-hidden=\"true\" class=\"wp-block-spacer\"><\/div>\n<\/div><figure class=\"wp-block-media-text__media\"><img decoding=\"async\" src=\"https:\/\/leko.service.th-nuernberg.de\/owl\/wp-content\/uploads\/Logo_Stiftung_Hochschullehre.svg\" alt=\"\" class=\"wp-image-1978 size-full\"\/><\/figure><\/div>\n\n\n\n<p><\/p>\n\n\n\n<div style=\"height:20px\" aria-hidden=\"true\" class=\"wp-block-spacer\"><\/div>\n\n\n\n<p><strong>Viele H\u00e4nde und K\u00f6pfe waren und sind an der Konzeption und Umsetzung beteiligt:<\/strong><\/p>\n\n\n\n<p>Dzifa Vode \u00b7 Deborah Bertram \u00b7 Simone Tichter \u00b7 Stefanie Gandt \u00b7 Leonie Frenzel \u00b7 Myriam Bugl \u00b7 Alena Rauch \u00b7 Jonas Peer \u00b7 Julia K\u00f6rndl \u00b7 Sof\u00eda Cortijo Gald\u00f3n \u00b7 Lena Happel \u00b7 Eugen Witt \u00b7 Elizabeth van den Daele \u00b7 Anna Lindenmeier \u00b7 Carina Eirich \u00b7 Daniela Fu\u00df \u00b7 Tarita Domeneghetti \u00b7 Lena Wittman<\/p>\n\n\n\n<p>Sof\u00eda Cortijo Gald\u00f3n hat die meisten der  wunderbaren Illustrationen gezeichnet, die dem OWL sein unverwechselbares Gesicht geben. Die technische Umsetzung erfolgte durch <a href=\"https:\/\/www.lichtschreiber.de\" target=\"_blank\" rel=\"noreferrer noopener\">lichtschreiber<\/a>, das Lektorat durch <a href=\"https:\/\/www.lektorat-wortwaage.de\/\" target=\"_blank\" rel=\"noreferrer noopener\">Lektorat Wortwaage<\/a>.<\/p>\n\n\n\n<div style=\"height:50px\" aria-hidden=\"true\" class=\"wp-block-spacer\"><\/div>\n\n\n\n<p>Dieses Online Writing Lab (OWL) ist eine Open Educational Resource (OER). Die Inhalte des OWL (Texte und Materialien) stehen unter der Lizenz CC-BY 4.0, sofern nicht anders angegeben.<\/p>\n\n\n\n<p>Das bedeutet unter anderem, dass ihr das Material kopieren, verbreiten, Inhalte daraus f\u00fcr eigene Materialien als Grundlage nehmen oder es weiterentwickeln d\u00fcrft. Bedingung daf\u00fcr ist, dass ihr das OWL als Quelle nachvollziehbar zitiert und deutlich macht, ob ihr Material ver\u00e4ndert oder unver\u00e4ndert \u00fcbernommen habt. Grafiken, Bilder und Videos sind ausdr\u00fccklich von der Lizenz ausgenommen und d\u00fcrfen nicht ohne Genehmigung verwendet werden. Kontaktiert uns in diesen F\u00e4llen gerne, wenn ihr Interesse an einer Nutzung habt.<\/p>\n\n\n\n<p><\/p>\n\n\n\n\n\n<div style=\"height:50px\" aria-hidden=\"true\" class=\"wp-block-spacer\"><\/div>\n","protected":false},"excerpt":{"rendered":"<p>Wissensdatenbank &amp; mehr Im Zentrum des OWL stehen die Artikel. Hier schlagt ihr Wissen rund ums wissenschaftliche Schreiben nach. Die Artikel sind nach verschiedenen Kategorien filterbar und lassen sich mit Hilfe der Suche leicht finden. Interaktive Elemente wie Owly und der Schreibtypentest bieten zus\u00e4tzlich Unterst\u00fctzung im Schreibprozess. F\u00f6rderung &amp; Mitwirkende Konzipiert und entwickelt wurde das&hellip;<\/p>\n","protected":false},"author":1,"featured_media":0,"parent":0,"menu_order":0,"comment_status":"closed","ping_status":"closed","template":"","meta":{"_acf_changed":false,"_coblocks_attr":"","_coblocks_dimensions":"","_coblocks_responsive_height":"","_coblocks_accordion_ie_support":"","_uag_custom_page_level_css":"","site-sidebar-layout":"default","site-content-layout":"default","ast-site-content-layout":"default","site-content-style":"default","site-sidebar-style":"default","ast-global-header-display":"","ast-banner-title-visibility":"","ast-main-header-display":"","ast-hfb-above-header-display":"","ast-hfb-below-header-display":"","ast-hfb-mobile-header-display":"","site-post-title":"","ast-breadcrumbs-content":"","ast-featured-img":"","footer-sml-layout":"","ast-disable-related-posts":"","theme-transparent-header-meta":"default","adv-header-id-meta":"","stick-header-meta":"","header-above-stick-meta":"","header-main-stick-meta":"","header-below-stick-meta":"","astra-migrate-meta-layouts":"set","ast-page-background-enabled":"default","ast-page-background-meta":{"desktop":{"background-color":"var(--ast-global-color-4)","background-image":"","background-repeat":"repeat","background-position":"center center","background-size":"auto","background-attachment":"scroll","background-type":"","background-media":"","overlay-type":"","overlay-color":"","overlay-opacity":"","overlay-gradient":""},"tablet":{"background-color":"","background-image":"","background-repeat":"repeat","background-position":"center center","background-size":"auto","background-attachment":"scroll","background-type":"","background-media":"","overlay-type":"","overlay-color":"","overlay-opacity":"","overlay-gradient":""},"mobile":{"background-color":"","background-image":"","background-repeat":"repeat","background-position":"center center","background-size":"auto","background-attachment":"scroll","background-type":"","background-media":"","overlay-type":"","overlay-color":"","overlay-opacity":"","overlay-gradient":""}},"ast-content-background-meta":{"desktop":{"background-color":"var(--ast-global-color-5)","background-image":"","background-repeat":"repeat","background-position":"center center","background-size":"auto","background-attachment":"scroll","background-type":"","background-media":"","overlay-type":"","overlay-color":"","overlay-opacity":"","overlay-gradient":""},"tablet":{"background-color":"var(--ast-global-color-5)","background-image":"","background-repeat":"repeat","background-position":"center center","background-size":"auto","background-attachment":"scroll","background-type":"","background-media":"","overlay-type":"","overlay-color":"","overlay-opacity":"","overlay-gradient":""},"mobile":{"background-color":"var(--ast-global-color-5)","background-image":"","background-repeat":"repeat","background-position":"center center","background-size":"auto","background-attachment":"scroll","background-type":"","background-media":"","overlay-type":"","overlay-color":"","overlay-opacity":"","overlay-gradient":""}},"footnotes":""},"class_list":["post-1225","page","type-page","status-publish","hentry"],"acf":[],"yoast_head":"<!-- This site is optimized with the Yoast SEO plugin v27.1.1 - https:\/\/yoast.com\/product\/yoast-seo-wordpress\/ -->\n<title>\u00dcber uns - Online Writing Lab<\/title>\n<meta name=\"description\" content=\"Das Online Writing Lab (OWL) ist eine digitale Plattform des Schreibzentrums der TH N\u00fcrnberg, das euch als Studierende multimedial, barrierefrei und interaktiv beim Schreiben unterst\u00fctzt. Ziel ist es, eure Schreibkompetenzen zu st\u00e4rken.\" \/>\n<meta name=\"robots\" content=\"index, follow, max-snippet:-1, max-image-preview:large, max-video-preview:-1\" \/>\n<link rel=\"canonical\" href=\"https:\/\/leko.service.th-nuernberg.de\/owl\/ueber-uns\/\" \/>\n<meta property=\"og:locale\" content=\"de_DE\" \/>\n<meta property=\"og:type\" content=\"article\" \/>\n<meta property=\"og:title\" content=\"\u00dcber uns - Online Writing Lab\" \/>\n<meta property=\"og:description\" content=\"Das Online Writing Lab (OWL) ist eine digitale Plattform des Schreibzentrums der TH N\u00fcrnberg, das euch als Studierende multimedial, barrierefrei und interaktiv beim Schreiben unterst\u00fctzt. Ziel ist es, eure Schreibkompetenzen zu st\u00e4rken.\" \/>\n<meta property=\"og:url\" content=\"https:\/\/leko.service.th-nuernberg.de\/owl\/ueber-uns\/\" \/>\n<meta property=\"og:site_name\" content=\"Online Writing Lab\" \/>\n<meta property=\"article:modified_time\" content=\"2025-11-18T14:56:05+00:00\" \/>\n<meta name=\"twitter:card\" content=\"summary_large_image\" \/>\n<meta name=\"twitter:label1\" content=\"Gesch\u00e4tzte Lesezeit\" \/>\n\t<meta name=\"twitter:data1\" content=\"3\u00a0Minuten\" \/>\n<script type=\"application\/ld+json\" class=\"yoast-schema-graph\">{\"@context\":\"https:\/\/schema.org\",\"@graph\":[{\"@type\":\"WebPage\",\"@id\":\"https:\/\/leko.service.th-nuernberg.de\/owl\/ueber-uns\/\",\"url\":\"https:\/\/leko.service.th-nuernberg.de\/owl\/ueber-uns\/\",\"name\":\"\u00dcber uns - Online Writing Lab\",\"isPartOf\":{\"@id\":\"https:\/\/leko.service.th-nuernberg.de\/owl\/#website\"},\"primaryImageOfPage\":{\"@id\":\"https:\/\/leko.service.th-nuernberg.de\/owl\/ueber-uns\/#primaryimage\"},\"image\":{\"@id\":\"https:\/\/leko.service.th-nuernberg.de\/owl\/ueber-uns\/#primaryimage\"},\"thumbnailUrl\":\"https:\/\/leko.service.th-nuernberg.de\/owl\/wp-content\/uploads\/menschenamlaptop.png\",\"datePublished\":\"2022-09-15T16:25:36+00:00\",\"dateModified\":\"2025-11-18T14:56:05+00:00\",\"description\":\"Das Online Writing Lab (OWL) ist eine digitale Plattform des Schreibzentrums der TH N\u00fcrnberg, das euch als Studierende multimedial, barrierefrei und interaktiv beim Schreiben unterst\u00fctzt. Ziel ist es, eure Schreibkompetenzen zu st\u00e4rken.\",\"breadcrumb\":{\"@id\":\"https:\/\/leko.service.th-nuernberg.de\/owl\/ueber-uns\/#breadcrumb\"},\"inLanguage\":\"de\",\"potentialAction\":[{\"@type\":\"ReadAction\",\"target\":[\"https:\/\/leko.service.th-nuernberg.de\/owl\/ueber-uns\/\"]}]},{\"@type\":\"ImageObject\",\"inLanguage\":\"de\",\"@id\":\"https:\/\/leko.service.th-nuernberg.de\/owl\/ueber-uns\/#primaryimage\",\"url\":\"\",\"contentUrl\":\"\"},{\"@type\":\"BreadcrumbList\",\"@id\":\"https:\/\/leko.service.th-nuernberg.de\/owl\/ueber-uns\/#breadcrumb\",\"itemListElement\":[{\"@type\":\"ListItem\",\"position\":1,\"name\":\"Startseite\",\"item\":\"https:\/\/leko.service.th-nuernberg.de\/owl\/\"},{\"@type\":\"ListItem\",\"position\":2,\"name\":\"\u00dcber uns\"}]},{\"@type\":\"WebSite\",\"@id\":\"https:\/\/leko.service.th-nuernberg.de\/owl\/#website\",\"url\":\"https:\/\/leko.service.th-nuernberg.de\/owl\/\",\"name\":\"Online Writing Lab\",\"description\":\"\",\"publisher\":{\"@id\":\"https:\/\/leko.service.th-nuernberg.de\/owl\/#organization\"},\"potentialAction\":[{\"@type\":\"SearchAction\",\"target\":{\"@type\":\"EntryPoint\",\"urlTemplate\":\"https:\/\/leko.service.th-nuernberg.de\/owl\/?s={search_term_string}\"},\"query-input\":{\"@type\":\"PropertyValueSpecification\",\"valueRequired\":true,\"valueName\":\"search_term_string\"}}],\"inLanguage\":\"de\"},{\"@type\":\"Organization\",\"@id\":\"https:\/\/leko.service.th-nuernberg.de\/owl\/#organization\",\"name\":\"Online Writing Lab\",\"url\":\"https:\/\/leko.service.th-nuernberg.de\/owl\/\",\"logo\":{\"@type\":\"ImageObject\",\"inLanguage\":\"de\",\"@id\":\"https:\/\/leko.service.th-nuernberg.de\/owl\/#\/schema\/logo\/image\/\",\"url\":\"https:\/\/leko.service.th-nuernberg.de\/owl\/wp-content\/uploads\/ohm-logo.png\",\"contentUrl\":\"https:\/\/leko.service.th-nuernberg.de\/owl\/wp-content\/uploads\/ohm-logo.png\",\"width\":1413,\"height\":342,\"caption\":\"Online Writing Lab\"},\"image\":{\"@id\":\"https:\/\/leko.service.th-nuernberg.de\/owl\/#\/schema\/logo\/image\/\"}}]}<\/script>\n<!-- \/ Yoast SEO plugin. -->","yoast_head_json":{"title":"\u00dcber uns - Online Writing Lab","description":"Das Online Writing Lab (OWL) ist eine digitale Plattform des Schreibzentrums der TH N\u00fcrnberg, das euch als Studierende multimedial, barrierefrei und interaktiv beim Schreiben unterst\u00fctzt. Ziel ist es, eure Schreibkompetenzen zu st\u00e4rken.","robots":{"index":"index","follow":"follow","max-snippet":"max-snippet:-1","max-image-preview":"max-image-preview:large","max-video-preview":"max-video-preview:-1"},"canonical":"https:\/\/leko.service.th-nuernberg.de\/owl\/ueber-uns\/","og_locale":"de_DE","og_type":"article","og_title":"\u00dcber uns - Online Writing Lab","og_description":"Das Online Writing Lab (OWL) ist eine digitale Plattform des Schreibzentrums der TH N\u00fcrnberg, das euch als Studierende multimedial, barrierefrei und interaktiv beim Schreiben unterst\u00fctzt. Ziel ist es, eure Schreibkompetenzen zu st\u00e4rken.","og_url":"https:\/\/leko.service.th-nuernberg.de\/owl\/ueber-uns\/","og_site_name":"Online Writing Lab","article_modified_time":"2025-11-18T14:56:05+00:00","twitter_card":"summary_large_image","twitter_misc":{"Gesch\u00e4tzte Lesezeit":"3\u00a0Minuten"},"schema":{"@context":"https:\/\/schema.org","@graph":[{"@type":"WebPage","@id":"https:\/\/leko.service.th-nuernberg.de\/owl\/ueber-uns\/","url":"https:\/\/leko.service.th-nuernberg.de\/owl\/ueber-uns\/","name":"\u00dcber uns - Online Writing Lab","isPartOf":{"@id":"https:\/\/leko.service.th-nuernberg.de\/owl\/#website"},"primaryImageOfPage":{"@id":"https:\/\/leko.service.th-nuernberg.de\/owl\/ueber-uns\/#primaryimage"},"image":{"@id":"https:\/\/leko.service.th-nuernberg.de\/owl\/ueber-uns\/#primaryimage"},"thumbnailUrl":"https:\/\/leko.service.th-nuernberg.de\/owl\/wp-content\/uploads\/menschenamlaptop.png","datePublished":"2022-09-15T16:25:36+00:00","dateModified":"2025-11-18T14:56:05+00:00","description":"Das Online Writing Lab (OWL) ist eine digitale Plattform des Schreibzentrums der TH N\u00fcrnberg, das euch als Studierende multimedial, barrierefrei und interaktiv beim Schreiben unterst\u00fctzt. Ziel ist es, eure Schreibkompetenzen zu st\u00e4rken.","breadcrumb":{"@id":"https:\/\/leko.service.th-nuernberg.de\/owl\/ueber-uns\/#breadcrumb"},"inLanguage":"de","potentialAction":[{"@type":"ReadAction","target":["https:\/\/leko.service.th-nuernberg.de\/owl\/ueber-uns\/"]}]},{"@type":"ImageObject","inLanguage":"de","@id":"https:\/\/leko.service.th-nuernberg.de\/owl\/ueber-uns\/#primaryimage","url":"","contentUrl":""},{"@type":"BreadcrumbList","@id":"https:\/\/leko.service.th-nuernberg.de\/owl\/ueber-uns\/#breadcrumb","itemListElement":[{"@type":"ListItem","position":1,"name":"Startseite","item":"https:\/\/leko.service.th-nuernberg.de\/owl\/"},{"@type":"ListItem","position":2,"name":"\u00dcber uns"}]},{"@type":"WebSite","@id":"https:\/\/leko.service.th-nuernberg.de\/owl\/#website","url":"https:\/\/leko.service.th-nuernberg.de\/owl\/","name":"Online Writing Lab","description":"","publisher":{"@id":"https:\/\/leko.service.th-nuernberg.de\/owl\/#organization"},"potentialAction":[{"@type":"SearchAction","target":{"@type":"EntryPoint","urlTemplate":"https:\/\/leko.service.th-nuernberg.de\/owl\/?s={search_term_string}"},"query-input":{"@type":"PropertyValueSpecification","valueRequired":true,"valueName":"search_term_string"}}],"inLanguage":"de"},{"@type":"Organization","@id":"https:\/\/leko.service.th-nuernberg.de\/owl\/#organization","name":"Online Writing Lab","url":"https:\/\/leko.service.th-nuernberg.de\/owl\/","logo":{"@type":"ImageObject","inLanguage":"de","@id":"https:\/\/leko.service.th-nuernberg.de\/owl\/#\/schema\/logo\/image\/","url":"https:\/\/leko.service.th-nuernberg.de\/owl\/wp-content\/uploads\/ohm-logo.png","contentUrl":"https:\/\/leko.service.th-nuernberg.de\/owl\/wp-content\/uploads\/ohm-logo.png","width":1413,"height":342,"caption":"Online Writing Lab"},"image":{"@id":"https:\/\/leko.service.th-nuernberg.de\/owl\/#\/schema\/logo\/image\/"}}]}},"uagb_featured_image_src":{"full":false,"thumbnail":false,"medium":false,"medium_large":false,"large":false,"1536x1536":false,"2048x2048":false},"uagb_author_info":{"display_name":"admin","author_link":"https:\/\/leko.service.th-nuernberg.de\/owl\/author\/admin\/"},"uagb_comment_info":0,"uagb_excerpt":"Wissensdatenbank &amp; mehr Im Zentrum des OWL stehen die Artikel. Hier schlagt ihr Wissen rund ums wissenschaftliche Schreiben nach. Die Artikel sind nach verschiedenen Kategorien filterbar und lassen sich mit Hilfe der Suche leicht finden. Interaktive Elemente wie Owly und der Schreibtypentest bieten zus\u00e4tzlich Unterst\u00fctzung im Schreibprozess. F\u00f6rderung &amp; Mitwirkende Konzipiert und entwickelt wurde das&hellip;","_links":{"self":[{"href":"https:\/\/leko.service.th-nuernberg.de\/owl\/wp-json\/wp\/v2\/pages\/1225","targetHints":{"allow":["GET"]}}],"collection":[{"href":"https:\/\/leko.service.th-nuernberg.de\/owl\/wp-json\/wp\/v2\/pages"}],"about":[{"href":"https:\/\/leko.service.th-nuernberg.de\/owl\/wp-json\/wp\/v2\/types\/page"}],"author":[{"embeddable":true,"href":"https:\/\/leko.service.th-nuernberg.de\/owl\/wp-json\/wp\/v2\/users\/1"}],"replies":[{"embeddable":true,"href":"https:\/\/leko.service.th-nuernberg.de\/owl\/wp-json\/wp\/v2\/comments?post=1225"}],"version-history":[{"count":63,"href":"https:\/\/leko.service.th-nuernberg.de\/owl\/wp-json\/wp\/v2\/pages\/1225\/revisions"}],"predecessor-version":[{"id":9168,"href":"https:\/\/leko.service.th-nuernberg.de\/owl\/wp-json\/wp\/v2\/pages\/1225\/revisions\/9168"}],"wp:attachment":[{"href":"https:\/\/leko.service.th-nuernberg.de\/owl\/wp-json\/wp\/v2\/media?parent=1225"}],"curies":[{"name":"wp","href":"https:\/\/api.w.org\/{rel}","templated":true}]}}