{"id":1836,"date":"2023-08-27T14:52:49","date_gmt":"2023-08-27T12:52:49","guid":{"rendered":"https:\/\/owl.lichtschreiber.de\/?page_id=1836"},"modified":"2025-11-18T16:58:59","modified_gmt":"2025-11-18T15:58:59","slug":"owlplus","status":"publish","type":"page","link":"https:\/\/leko.service.th-nuernberg.de\/owl\/owlplus\/","title":{"rendered":"OWL+"},"content":{"rendered":"\n<section class=\"wp-block-uagb-section uagb-section__wrap uagb-section__background-color alignfull uagb-block-374d1a1c\"><div class=\"uagb-section__overlay\"><\/div><div class=\"uagb-section__inner-wrap\">\n<h2 class=\"wp-block-heading\">Verbinde dich mit Menschen, die dich beim Schreiben begleiten \u2013 \u00fcber OWL+<\/h2>\n\n\n\n<p>OWL+ ist der Teil des OWLs, \u00fcber den du Kontakt zu den Menschen im Schreibzentrum aufnehmen kannst. Exklusiv f\u00fcr die Studierenden der OHM. Mit ma\u00dfgeschneiderten Angeboten unterst\u00fctzen wir dich ganz praktisch beim Schreiben deiner wissenschaftlichen Arbeit. Nutze OWL+ auch, um dich mit deinen Mitstudierenden zusammenzuschlie\u00dfen. Bildet Schreib-Banden!<\/p>\n\n\n\n<div style=\"height:30px\" aria-hidden=\"true\" class=\"wp-block-spacer\"><\/div>\n\n\n\n<div style=\"height:30px\" aria-hidden=\"true\" class=\"wp-block-spacer\"><\/div>\n<\/div><\/section>\n\n\n\n\n\n<div style=\"height:20px\" aria-hidden=\"true\" class=\"wp-block-spacer\"><\/div>\n\n\n\n<section class=\"wp-block-uagb-columns uagb-columns__wrap uagb-columns__background-color uagb-columns__stack-mobile uagb-columns__valign- uagb-columns__gap-15 align uagb-block-42feb9ba uagb-columns__columns-3 uagb-columns__max_width-theme highlight-linkboxes owl-plus\"><div class=\"uagb-columns__overlay\"><\/div><div class=\"uagb-columns__inner-wrap uagb-columns__columns-3\">\n<div class=\"wp-block-uagb-column uagb-column__wrap uagb-column__background-undefined uagb-block-eeca8683\"><div class=\"uagb-column__overlay\"><\/div>\n<div class=\"wp-block-uagb-info-box uagb-block-88a4669d uagb-infobox__content-wrap  uagb-infobox-icon-above-title uagb-infobox-image-valign-top icon-infobox\"><div class=\"uagb-ifb-content\"><div class=\"uagb-ifb-image-content\"><img decoding=\"async\" src=\"https:\/\/leko.service.th-nuernberg.de\/owl\/wp-content\/uploads\/kommunikationhellblau.png\" alt=\"\" width=\"120\" height=\"84\" loading=\"lazy\"\/><\/div><div class=\"uagb-ifb-title-wrap\"><h3 class=\"uagb-ifb-title\">Schreibberatung<\/h3><\/div><p class=\"uagb-ifb-desc\">In der Schreibberatung kannst du dich individuell und kostenlos zu deinen Schreibprojekten beraten lassen oder Text-Feedback einholen. Die Schreibtutor*innen freuen sich auf dich.<br><\/p><div class=\"uagb-ifb-button-wrapper wp-block-button\"><a href=\"https:\/\/elearning.ohmportal.de\/course\/view.php?id=68\" class=\"uagb-infobox-cta-link wp-block-button__link\" target=\"_blank\" rel=\"noopener noreferrer\" onclick=\"return true;\"><span class=\"uagb-inline-editing\">Vereinbare einen Termin.<\/span><\/a><\/div><\/div><\/div>\n<\/div>\n\n\n\n<div class=\"wp-block-uagb-column uagb-column__wrap uagb-column__background-undefined uagb-block-7fe785b7\"><div class=\"uagb-column__overlay\"><\/div>\n<div class=\"wp-block-uagb-info-box uagb-block-4b16c8bd uagb-infobox__content-wrap  uagb-infobox-icon-above-title uagb-infobox-image-valign-top icon-infobox\"><div class=\"uagb-ifb-content\"><div class=\"uagb-ifb-image-content\"><img decoding=\"async\" src=\"https:\/\/leko.service.th-nuernberg.de\/owl\/wp-content\/uploads\/praesentationrot.png\" alt=\"\" width=\"120\" height=\"54\" loading=\"lazy\"\/><\/div><div class=\"uagb-ifb-title-wrap\"><h3 class=\"uagb-ifb-title\">Schreibworkshops<\/h3><\/div><p class=\"uagb-ifb-desc\">Die Schreibworkshops sind interaktiv mit Einzel- und Gruppenarbeit konzipiert. Das hei\u00dft, du entwickelst deine Schreibkompetenz \u00fcber eine Mischung aus Input, \u00dcbungen und Austausch weiter.<\/p><div class=\"uagb-ifb-button-wrapper wp-block-button\"><a href=\"https:\/\/www.th-nuernberg.de\/einrichtungen-gesamt\/administration-und-service\/lehr-und-kompetenzentwicklung\/ueberfachliche-kompetenzen\/schreibzentrum\/workshops\/\" class=\"uagb-infobox-cta-link wp-block-button__link\" target=\"_blank\" rel=\"noopener noreferrer\" onclick=\"return true;\"><span class=\"uagb-inline-editing\">Melde dich hier an.<\/span><\/a><\/div><\/div><\/div>\n<\/div>\n\n\n\n<div class=\"wp-block-uagb-column uagb-column__wrap uagb-column__background-undefined uagb-block-db328791\"><div class=\"uagb-column__overlay\"><\/div>\n<div class=\"wp-block-uagb-info-box uagb-block-72b7c837 uagb-infobox__content-wrap  uagb-infobox-icon-above-title uagb-infobox-image-valign-top icon-infobox\"><div class=\"uagb-ifb-content\"><div class=\"uagb-ifb-image-content\"><img decoding=\"async\" src=\"https:\/\/leko.service.th-nuernberg.de\/owl\/wp-content\/uploads\/personenaufblatt.png\" alt=\"\" width=\"120\" height=\"90\" loading=\"lazy\"\/><\/div><div class=\"uagb-ifb-title-wrap\"><h3 class=\"uagb-ifb-title\">Schriftliches Text-Feedback<\/h3><\/div><p class=\"uagb-ifb-desc\">Wir bieten dir ein kurzes schriftliches Text-Feedback (kein Lektorat). Lade einfach einen Entwurf mit einer Feedback-Anfrage hoch. Wir antworten so schnell wie m\u00f6glich.<\/p><div class=\"uagb-ifb-button-wrapper wp-block-button\"><a href=\"https:\/\/elearning.ohmportal.de\/mod\/assign\/view.php?id=1895\" class=\"uagb-infobox-cta-link wp-block-button__link\" target=\"_blank\" rel=\"noopener noreferrer\" onclick=\"return true;\"><span class=\"uagb-inline-editing\">Lade hier deinen Text hoch.<\/span><\/a><\/div><\/div><\/div>\n<\/div>\n<\/div><\/section>\n\n\n\n<div style=\"height:30px\" aria-hidden=\"true\" class=\"wp-block-spacer\"><\/div>\n\n\n\n<section class=\"wp-block-uagb-columns uagb-columns__wrap uagb-columns__background-color uagb-columns__stack-mobile uagb-columns__valign- uagb-columns__gap-15 align uagb-block-aa577da3 uagb-columns__columns-3 uagb-columns__max_width-theme highlight-linkboxes owl-plus\"><div class=\"uagb-columns__overlay\"><\/div><div class=\"uagb-columns__inner-wrap uagb-columns__columns-3\">\n<div class=\"wp-block-uagb-column uagb-column__wrap uagb-column__background-undefined uagb-block-2c32b111\"><div class=\"uagb-column__overlay\"><\/div>\n<div class=\"wp-block-uagb-info-box uagb-block-76ddde9e uagb-infobox__content-wrap  uagb-infobox-icon-above-title uagb-infobox-image-valign-top icon-infobox\"><div class=\"uagb-ifb-content\"><div class=\"uagb-ifb-image-content\"><img decoding=\"async\" src=\"https:\/\/leko.service.th-nuernberg.de\/owl\/wp-content\/uploads\/personimtabmitlupe.png\" alt=\"\" width=\"120\" height=\"83\" loading=\"lazy\"\/><\/div><div class=\"uagb-ifb-title-wrap\"><h3 class=\"uagb-ifb-title\">Online-Kurse<\/h3><\/div><p class=\"uagb-ifb-desc\">Unsere Online-Kurse in Moodle umfassen Selbstlernkurse, Workshopmaterialien und aufgezeichnete Schreibworkshops. Lerne im eigenen Tempo, wann und wo du m\u00f6chtest.<\/p><div class=\"uagb-ifb-button-wrapper wp-block-button\"><a href=\"https:\/\/elearning.ohmportal.de\/course\/index.php?categoryid=869\" class=\"uagb-infobox-cta-link wp-block-button__link\" target=\"_blank\" rel=\"noopener noreferrer\" onclick=\"return true;\"><span class=\"uagb-inline-editing\">St\u00f6bere in unseren Kursen.<\/span><\/a><\/div><\/div><\/div>\n<\/div>\n\n\n\n<div class=\"wp-block-uagb-column uagb-column__wrap uagb-column__background-undefined uagb-block-8a557d47\"><div class=\"uagb-column__overlay\"><\/div>\n<div class=\"wp-block-uagb-info-box uagb-block-829c515a uagb-infobox__content-wrap  uagb-infobox-icon-above-title uagb-infobox-image-valign-top icon-infobox\"><div class=\"uagb-ifb-content\"><div class=\"uagb-ifb-image-content\"><img decoding=\"async\" src=\"https:\/\/leko.service.th-nuernberg.de\/owl\/wp-content\/uploads\/dreipersonen.png\" alt=\"\" width=\"120\" height=\"117\" loading=\"lazy\"\/><\/div><div class=\"uagb-ifb-title-wrap\"><h3 class=\"uagb-ifb-title\">Schreibgruppen<\/h3><\/div><p class=\"uagb-ifb-desc\">Gemeinsam schreibt es sich weniger allein? \u2013 Finden wir auch! Nutze den MS Teams Kanal &#8222;Schreibgruppen&#8220;, um Verb\u00fcndete zu finden. <\/p><div class=\"uagb-ifb-button-wrapper wp-block-button\"><a href=\"https:\/\/teams.microsoft.com\/l\/team\/19%3A2k0fu378X2bVvYlbn8FhsdikxJ6l1CHucker0o2s4Gw1%40thread.tacv2\/conversations?groupId=7513e787-9ccf-4eb7-9ffc-3bb0966715aa&amp;tenantId=ff180ccd-a30e-43e7-b99c-b9412b24395a\" class=\"uagb-infobox-cta-link wp-block-button__link\" target=\"_blank\" rel=\"noopener noreferrer\" onclick=\"return true;\"><span class=\"uagb-inline-editing\">Stelle hier deine Anfrage.<\/span><\/a><\/div><\/div><\/div>\n<\/div>\n\n\n\n<div class=\"wp-block-uagb-column uagb-column__wrap uagb-column__background-undefined uagb-block-bc92ea16\"><div class=\"uagb-column__overlay\"><\/div>\n<div class=\"wp-block-uagb-info-box uagb-block-6b9a1f3b uagb-infobox__content-wrap  uagb-infobox-icon-above-title uagb-infobox-image-valign-top icon-infobox\"><div class=\"uagb-ifb-content\"><div class=\"uagb-ifb-image-content\"><img decoding=\"async\" src=\"https:\/\/leko.service.th-nuernberg.de\/owl\/wp-content\/uploads\/feedbackaufblatt.png\" alt=\"\" width=\"120\" height=\"125\" loading=\"lazy\"\/><\/div><div class=\"uagb-ifb-title-wrap\"><h3 class=\"uagb-ifb-title\">Kurze Frage?<\/h3><\/div><p class=\"uagb-ifb-desc\">Du kannst uns jederzeit eine Frage \u00fcber MS Teams stellen. Wir antworten so schnell wie m\u00f6glich \u2013 meistens noch am gleichen Tag, ggf. kann es auch mal 2\u20133 Tage dauern. <\/p><div class=\"uagb-ifb-button-wrapper wp-block-button\"><a href=\"https:\/\/teams.microsoft.com\/l\/team\/19%3AvRCBkIot51mM2idejY9978GHn87-7YO8wmyxfqpuqig1%40thread.tacv2\/conversations?groupId=79946624-9bf8-4cd3-8c76-e6abbbd2596e&amp;tenantId=ff180ccd-a30e-43e7-b99c-b9412b24395a\" class=\"uagb-infobox-cta-link wp-block-button__link\" target=\"_blank\" rel=\"noopener noreferrer\" onclick=\"return true;\"><span class=\"uagb-inline-editing\">Stelle hier deine Frage.<\/span><\/a><\/div><\/div><\/div>\n<\/div>\n<\/div><\/section>\n\n\n\n<div style=\"height:60px\" aria-hidden=\"true\" class=\"wp-block-spacer\"><\/div>\n\n\n\n<div class=\"wp-block-coblocks-faq\" itemscope itemtype=\"https:\/\/schema.org\/FAQPage\">\n<h3 class=\"wp-block-heading wp-block-coblocks-faq__title\" style=\"border-style:none;border-width:0px;margin-top:var(--wp--preset--spacing--60);margin-bottom:var(--wp--preset--spacing--60);font-size:30px\">H\u00e4ufige Fragen<br><\/h3>\n\n\n\n<details class=\"wp-block-coblocks-faq-item\" itemprop=\"mainEntity\" itemscope itemtype=\"https:\/\/schema.org\/Question\"><summary class=\"wp-block-coblocks-faq-item__question\" itemprop=\"name\"><div class=\"wp-block-coblocks-faq-item__question__content\">Was ist Moodle und wie komme ich da rein?<br><\/div><svg fill=\"none\" viewBox=\"0 0 24 24\" xmlns=\"http:\/\/www.w3.org\/2000\/svg\" width=\"24\" height=\"24\" class=\"wp-block-coblocks-faq-item__question__icon\" aria-hidden=\"true\"><path fill=\"currentColor\" fill-rule=\"evenodd\" clip-rule=\"evenodd\" d=\"M19.39 14.99l-1.41 1.41L12 10.43 6.02 16.4l-1.41-1.41L12 7.6l7.39 7.39z\"><\/path><\/svg><\/summary><div class=\"wp-block-coblocks-faq-item__answer\" itemprop=\"acceptedAnswer\" itemscope itemtype=\"https:\/\/schema.org\/Answer\"><div itemprop=\"text\">\n<p><br>Moodle ist die Lernplattform, die wir an der Ohm verwenden \u2013 nicht nur im Schreibzentrum. Als Ohm-Mitglied meldest du dich mit deinen normalen myOhm-Zugangsdaten an. F\u00fcr den Zugriff auf das Self Service Portal musst du dich im Hochschulnetz befinden oder &#8211; von au\u00dferhalb &#8211; eine <a href=\"https:\/\/www.th-nuernberg.de\/einrichtungen-gesamt\/administration-und-service\/zentrale-it\/netzwerk\/vpn\/\" target=\"_blank\" rel=\"noreferrer noopener\">VPN-Verbindung aufbauen<\/a>.<br><\/p>\n<\/div><\/div><\/details>\n\n\n\n<details class=\"wp-block-coblocks-faq-item\" itemprop=\"mainEntity\" itemscope itemtype=\"https:\/\/schema.org\/Question\"><summary class=\"wp-block-coblocks-faq-item__question\" itemprop=\"name\"><div class=\"wp-block-coblocks-faq-item__question__content\">Was ist MS Teams und wie kann ich das nutzen?<br><\/div><svg fill=\"none\" viewBox=\"0 0 24 24\" xmlns=\"http:\/\/www.w3.org\/2000\/svg\" width=\"24\" height=\"24\" class=\"wp-block-coblocks-faq-item__question__icon\" aria-hidden=\"true\"><path fill=\"currentColor\" fill-rule=\"evenodd\" clip-rule=\"evenodd\" d=\"M19.39 14.99l-1.41 1.41L12 10.43 6.02 16.4l-1.41-1.41L12 7.6l7.39 7.39z\"><\/path><\/svg><\/summary><div class=\"wp-block-coblocks-faq-item__answer\" itemprop=\"acceptedAnswer\" itemscope itemtype=\"https:\/\/schema.org\/Answer\"><div itemprop=\"text\">\n<p><br>MS Teams ist eine Kommunikationsplattform, die wir an der Ohm nutzen \u2013 nicht nur im Schreibzentrum. Ohm-Angeh\u00f6rige bekommen die Software kostenlos zur Verf\u00fcgung gestellt. <a href=\"https:\/\/leko.service.th-nuernberg.de\/wiki-digitale-lehre\/doku.php?id=online_vorlesungen:teams\" target=\"_blank\" rel=\"noreferrer noopener\">Hier<\/a> erf\u00e4hrst du, wie du MS Teams beschaffst, deinen Account aktivierst und herunterl\u00e4dst. Im <a href=\"https:\/\/www.th-nuernberg.de\/einrichtungen-gesamt\/administration-und-service\/zentrale-it\/support\/self-service-portal\/\" target=\"_blank\" rel=\"noreferrer noopener\">Self Service Portal der Zentralen IT<\/a> gibt es eine Anleitung , wie du MS Teams nutzt.&nbsp;<br><\/p>\n<\/div><\/div><\/details>\n\n\n\n<details class=\"wp-block-coblocks-faq-item\" itemprop=\"mainEntity\" itemscope itemtype=\"https:\/\/schema.org\/Question\"><summary class=\"wp-block-coblocks-faq-item__question\" itemprop=\"name\"><div class=\"wp-block-coblocks-faq-item__question__content\">Warum reagiert niemand auf meine Chat-Anfrage?<br><\/div><svg fill=\"none\" viewBox=\"0 0 24 24\" xmlns=\"http:\/\/www.w3.org\/2000\/svg\" width=\"24\" height=\"24\" class=\"wp-block-coblocks-faq-item__question__icon\" aria-hidden=\"true\"><path fill=\"currentColor\" fill-rule=\"evenodd\" clip-rule=\"evenodd\" d=\"M19.39 14.99l-1.41 1.41L12 10.43 6.02 16.4l-1.41-1.41L12 7.6l7.39 7.39z\"><\/path><\/svg><\/summary><div class=\"wp-block-coblocks-faq-item__answer\" itemprop=\"acceptedAnswer\" itemscope itemtype=\"https:\/\/schema.org\/Answer\"><div itemprop=\"text\">\n<p><br>Hinter dem Chat stehen echte Menschen, die auch mal schlafen, Workshops geben oder Urlaub machen. Wir melden uns stets, so schnell es uns m\u00f6glich ist.<br><\/p>\n<\/div><\/div><\/details>\n<\/div>\n\n\n\n<div style=\"height:60px\" aria-hidden=\"true\" class=\"wp-block-spacer\"><\/div>\n","protected":false},"excerpt":{"rendered":"","protected":false},"author":1,"featured_media":0,"parent":0,"menu_order":0,"comment_status":"closed","ping_status":"closed","template":"","meta":{"_acf_changed":false,"_coblocks_attr":"","_coblocks_dimensions":"","_coblocks_responsive_height":"","_coblocks_accordion_ie_support":"","_uag_custom_page_level_css":"","site-sidebar-layout":"default","site-content-layout":"","ast-site-content-layout":"default","site-content-style":"default","site-sidebar-style":"default","ast-global-header-display":"","ast-banner-title-visibility":"","ast-main-header-display":"","ast-hfb-above-header-display":"","ast-hfb-below-header-display":"","ast-hfb-mobile-header-display":"","site-post-title":"","ast-breadcrumbs-content":"","ast-featured-img":"","footer-sml-layout":"","ast-disable-related-posts":"","theme-transparent-header-meta":"default","adv-header-id-meta":"","stick-header-meta":"","header-above-stick-meta":"","header-main-stick-meta":"","header-below-stick-meta":"","astra-migrate-meta-layouts":"set","ast-page-background-enabled":"default","ast-page-background-meta":{"desktop":{"background-color":"var(--ast-global-color-4)","background-image":"","background-repeat":"repeat","background-position":"center center","background-size":"auto","background-attachment":"scroll","background-type":"","background-media":"","overlay-type":"","overlay-color":"","overlay-opacity":"","overlay-gradient":""},"tablet":{"background-color":"","background-image":"","background-repeat":"repeat","background-position":"center center","background-size":"auto","background-attachment":"scroll","background-type":"","background-media":"","overlay-type":"","overlay-color":"","overlay-opacity":"","overlay-gradient":""},"mobile":{"background-color":"","background-image":"","background-repeat":"repeat","background-position":"center center","background-size":"auto","background-attachment":"scroll","background-type":"","background-media":"","overlay-type":"","overlay-color":"","overlay-opacity":"","overlay-gradient":""}},"ast-content-background-meta":{"desktop":{"background-color":"var(--ast-global-color-5)","background-image":"","background-repeat":"repeat","background-position":"center center","background-size":"auto","background-attachment":"scroll","background-type":"","background-media":"","overlay-type":"","overlay-color":"","overlay-opacity":"","overlay-gradient":""},"tablet":{"background-color":"var(--ast-global-color-5)","background-image":"","background-repeat":"repeat","background-position":"center center","background-size":"auto","background-attachment":"scroll","background-type":"","background-media":"","overlay-type":"","overlay-color":"","overlay-opacity":"","overlay-gradient":""},"mobile":{"background-color":"var(--ast-global-color-5)","background-image":"","background-repeat":"repeat","background-position":"center center","background-size":"auto","background-attachment":"scroll","background-type":"","background-media":"","overlay-type":"","overlay-color":"","overlay-opacity":"","overlay-gradient":""}},"footnotes":""},"class_list":["post-1836","page","type-page","status-publish","hentry"],"acf":[],"yoast_head":"<!-- This site is optimized with the Yoast SEO plugin v27.5 - https:\/\/yoast.com\/product\/yoast-seo-wordpress\/ -->\n<title>OWL+ - Online Writing Lab<\/title>\n<meta name=\"robots\" content=\"index, follow, max-snippet:-1, max-image-preview:large, max-video-preview:-1\" \/>\n<link rel=\"canonical\" href=\"https:\/\/leko.service.th-nuernberg.de\/owl\/owlplus\/\" \/>\n<meta property=\"og:locale\" content=\"de_DE\" \/>\n<meta property=\"og:type\" content=\"article\" \/>\n<meta property=\"og:title\" content=\"OWL+ - Online Writing Lab\" \/>\n<meta property=\"og:url\" content=\"https:\/\/leko.service.th-nuernberg.de\/owl\/owlplus\/\" \/>\n<meta property=\"og:site_name\" content=\"Online Writing Lab\" \/>\n<meta property=\"article:modified_time\" content=\"2025-11-18T15:58:59+00:00\" \/>\n<meta property=\"og:image\" content=\"https:\/\/leko.service.th-nuernberg.de\/owl\/wp-content\/uploads\/kommunikationhellblau.png\" \/>\n<meta name=\"twitter:card\" content=\"summary_large_image\" \/>\n<meta name=\"twitter:label1\" content=\"Gesch\u00e4tzte Lesezeit\" \/>\n\t<meta name=\"twitter:data1\" content=\"4\u00a0Minuten\" \/>\n<script type=\"application\/ld+json\" class=\"yoast-schema-graph\">{\"@context\":\"https:\\\/\\\/schema.org\",\"@graph\":[{\"@type\":\"WebPage\",\"@id\":\"https:\\\/\\\/leko.service.th-nuernberg.de\\\/owl\\\/owlplus\\\/\",\"url\":\"https:\\\/\\\/leko.service.th-nuernberg.de\\\/owl\\\/owlplus\\\/\",\"name\":\"OWL+ - Online Writing Lab\",\"isPartOf\":{\"@id\":\"https:\\\/\\\/leko.service.th-nuernberg.de\\\/owl\\\/#website\"},\"primaryImageOfPage\":{\"@id\":\"https:\\\/\\\/leko.service.th-nuernberg.de\\\/owl\\\/owlplus\\\/#primaryimage\"},\"image\":{\"@id\":\"https:\\\/\\\/leko.service.th-nuernberg.de\\\/owl\\\/owlplus\\\/#primaryimage\"},\"thumbnailUrl\":\"https:\\\/\\\/leko.service.th-nuernberg.de\\\/owl\\\/wp-content\\\/uploads\\\/kommunikationhellblau.png\",\"datePublished\":\"2023-08-27T12:52:49+00:00\",\"dateModified\":\"2025-11-18T15:58:59+00:00\",\"breadcrumb\":{\"@id\":\"https:\\\/\\\/leko.service.th-nuernberg.de\\\/owl\\\/owlplus\\\/#breadcrumb\"},\"inLanguage\":\"de\",\"potentialAction\":[{\"@type\":\"ReadAction\",\"target\":[\"https:\\\/\\\/leko.service.th-nuernberg.de\\\/owl\\\/owlplus\\\/\"]}]},{\"@type\":\"ImageObject\",\"inLanguage\":\"de\",\"@id\":\"https:\\\/\\\/leko.service.th-nuernberg.de\\\/owl\\\/owlplus\\\/#primaryimage\",\"url\":\"https:\\\/\\\/leko.service.th-nuernberg.de\\\/owl\\\/wp-content\\\/uploads\\\/kommunikationhellblau.png\",\"contentUrl\":\"https:\\\/\\\/leko.service.th-nuernberg.de\\\/owl\\\/wp-content\\\/uploads\\\/kommunikationhellblau.png\",\"width\":1452,\"height\":1021,\"caption\":\"kommunikationhellblau\"},{\"@type\":\"BreadcrumbList\",\"@id\":\"https:\\\/\\\/leko.service.th-nuernberg.de\\\/owl\\\/owlplus\\\/#breadcrumb\",\"itemListElement\":[{\"@type\":\"ListItem\",\"position\":1,\"name\":\"Startseite\",\"item\":\"https:\\\/\\\/leko.service.th-nuernberg.de\\\/owl\\\/\"},{\"@type\":\"ListItem\",\"position\":2,\"name\":\"OWL+\"}]},{\"@type\":\"WebSite\",\"@id\":\"https:\\\/\\\/leko.service.th-nuernberg.de\\\/owl\\\/#website\",\"url\":\"https:\\\/\\\/leko.service.th-nuernberg.de\\\/owl\\\/\",\"name\":\"Online Writing Lab\",\"description\":\"\",\"publisher\":{\"@id\":\"https:\\\/\\\/leko.service.th-nuernberg.de\\\/owl\\\/#organization\"},\"potentialAction\":[{\"@type\":\"SearchAction\",\"target\":{\"@type\":\"EntryPoint\",\"urlTemplate\":\"https:\\\/\\\/leko.service.th-nuernberg.de\\\/owl\\\/?s={search_term_string}\"},\"query-input\":{\"@type\":\"PropertyValueSpecification\",\"valueRequired\":true,\"valueName\":\"search_term_string\"}}],\"inLanguage\":\"de\"},{\"@type\":\"Organization\",\"@id\":\"https:\\\/\\\/leko.service.th-nuernberg.de\\\/owl\\\/#organization\",\"name\":\"Online Writing Lab\",\"url\":\"https:\\\/\\\/leko.service.th-nuernberg.de\\\/owl\\\/\",\"logo\":{\"@type\":\"ImageObject\",\"inLanguage\":\"de\",\"@id\":\"https:\\\/\\\/leko.service.th-nuernberg.de\\\/owl\\\/#\\\/schema\\\/logo\\\/image\\\/\",\"url\":\"https:\\\/\\\/leko.service.th-nuernberg.de\\\/owl\\\/wp-content\\\/uploads\\\/ohm-logo.png\",\"contentUrl\":\"https:\\\/\\\/leko.service.th-nuernberg.de\\\/owl\\\/wp-content\\\/uploads\\\/ohm-logo.png\",\"width\":1413,\"height\":342,\"caption\":\"Online Writing Lab\"},\"image\":{\"@id\":\"https:\\\/\\\/leko.service.th-nuernberg.de\\\/owl\\\/#\\\/schema\\\/logo\\\/image\\\/\"}}]}<\/script>\n<!-- \/ Yoast SEO plugin. -->","yoast_head_json":{"title":"OWL+ - Online Writing Lab","robots":{"index":"index","follow":"follow","max-snippet":"max-snippet:-1","max-image-preview":"max-image-preview:large","max-video-preview":"max-video-preview:-1"},"canonical":"https:\/\/leko.service.th-nuernberg.de\/owl\/owlplus\/","og_locale":"de_DE","og_type":"article","og_title":"OWL+ - Online Writing Lab","og_url":"https:\/\/leko.service.th-nuernberg.de\/owl\/owlplus\/","og_site_name":"Online Writing Lab","article_modified_time":"2025-11-18T15:58:59+00:00","og_image":[{"url":"https:\/\/leko.service.th-nuernberg.de\/owl\/wp-content\/uploads\/kommunikationhellblau.png","type":"","width":"","height":""}],"twitter_card":"summary_large_image","twitter_misc":{"Gesch\u00e4tzte Lesezeit":"4\u00a0Minuten"},"schema":{"@context":"https:\/\/schema.org","@graph":[{"@type":"WebPage","@id":"https:\/\/leko.service.th-nuernberg.de\/owl\/owlplus\/","url":"https:\/\/leko.service.th-nuernberg.de\/owl\/owlplus\/","name":"OWL+ - Online Writing Lab","isPartOf":{"@id":"https:\/\/leko.service.th-nuernberg.de\/owl\/#website"},"primaryImageOfPage":{"@id":"https:\/\/leko.service.th-nuernberg.de\/owl\/owlplus\/#primaryimage"},"image":{"@id":"https:\/\/leko.service.th-nuernberg.de\/owl\/owlplus\/#primaryimage"},"thumbnailUrl":"https:\/\/leko.service.th-nuernberg.de\/owl\/wp-content\/uploads\/kommunikationhellblau.png","datePublished":"2023-08-27T12:52:49+00:00","dateModified":"2025-11-18T15:58:59+00:00","breadcrumb":{"@id":"https:\/\/leko.service.th-nuernberg.de\/owl\/owlplus\/#breadcrumb"},"inLanguage":"de","potentialAction":[{"@type":"ReadAction","target":["https:\/\/leko.service.th-nuernberg.de\/owl\/owlplus\/"]}]},{"@type":"ImageObject","inLanguage":"de","@id":"https:\/\/leko.service.th-nuernberg.de\/owl\/owlplus\/#primaryimage","url":"https:\/\/leko.service.th-nuernberg.de\/owl\/wp-content\/uploads\/kommunikationhellblau.png","contentUrl":"https:\/\/leko.service.th-nuernberg.de\/owl\/wp-content\/uploads\/kommunikationhellblau.png","width":1452,"height":1021,"caption":"kommunikationhellblau"},{"@type":"BreadcrumbList","@id":"https:\/\/leko.service.th-nuernberg.de\/owl\/owlplus\/#breadcrumb","itemListElement":[{"@type":"ListItem","position":1,"name":"Startseite","item":"https:\/\/leko.service.th-nuernberg.de\/owl\/"},{"@type":"ListItem","position":2,"name":"OWL+"}]},{"@type":"WebSite","@id":"https:\/\/leko.service.th-nuernberg.de\/owl\/#website","url":"https:\/\/leko.service.th-nuernberg.de\/owl\/","name":"Online Writing Lab","description":"","publisher":{"@id":"https:\/\/leko.service.th-nuernberg.de\/owl\/#organization"},"potentialAction":[{"@type":"SearchAction","target":{"@type":"EntryPoint","urlTemplate":"https:\/\/leko.service.th-nuernberg.de\/owl\/?s={search_term_string}"},"query-input":{"@type":"PropertyValueSpecification","valueRequired":true,"valueName":"search_term_string"}}],"inLanguage":"de"},{"@type":"Organization","@id":"https:\/\/leko.service.th-nuernberg.de\/owl\/#organization","name":"Online Writing Lab","url":"https:\/\/leko.service.th-nuernberg.de\/owl\/","logo":{"@type":"ImageObject","inLanguage":"de","@id":"https:\/\/leko.service.th-nuernberg.de\/owl\/#\/schema\/logo\/image\/","url":"https:\/\/leko.service.th-nuernberg.de\/owl\/wp-content\/uploads\/ohm-logo.png","contentUrl":"https:\/\/leko.service.th-nuernberg.de\/owl\/wp-content\/uploads\/ohm-logo.png","width":1413,"height":342,"caption":"Online Writing Lab"},"image":{"@id":"https:\/\/leko.service.th-nuernberg.de\/owl\/#\/schema\/logo\/image\/"}}]}},"uagb_featured_image_src":{"full":false,"thumbnail":false,"medium":false,"medium_large":false,"large":false,"1536x1536":false,"2048x2048":false},"uagb_author_info":{"display_name":"admin","author_link":"https:\/\/leko.service.th-nuernberg.de\/owl\/author\/admin\/"},"uagb_comment_info":0,"uagb_excerpt":null,"_links":{"self":[{"href":"https:\/\/leko.service.th-nuernberg.de\/owl\/wp-json\/wp\/v2\/pages\/1836","targetHints":{"allow":["GET"]}}],"collection":[{"href":"https:\/\/leko.service.th-nuernberg.de\/owl\/wp-json\/wp\/v2\/pages"}],"about":[{"href":"https:\/\/leko.service.th-nuernberg.de\/owl\/wp-json\/wp\/v2\/types\/page"}],"author":[{"embeddable":true,"href":"https:\/\/leko.service.th-nuernberg.de\/owl\/wp-json\/wp\/v2\/users\/1"}],"replies":[{"embeddable":true,"href":"https:\/\/leko.service.th-nuernberg.de\/owl\/wp-json\/wp\/v2\/comments?post=1836"}],"version-history":[{"count":78,"href":"https:\/\/leko.service.th-nuernberg.de\/owl\/wp-json\/wp\/v2\/pages\/1836\/revisions"}],"predecessor-version":[{"id":9178,"href":"https:\/\/leko.service.th-nuernberg.de\/owl\/wp-json\/wp\/v2\/pages\/1836\/revisions\/9178"}],"wp:attachment":[{"href":"https:\/\/leko.service.th-nuernberg.de\/owl\/wp-json\/wp\/v2\/media?parent=1836"}],"curies":[{"name":"wp","href":"https:\/\/api.w.org\/{rel}","templated":true}]}}