{"id":5516,"date":"2024-10-21T11:28:22","date_gmt":"2024-10-21T09:28:22","guid":{"rendered":"https:\/\/owl.lichtschreiber.de\/?page_id=5516"},"modified":"2025-10-15T12:24:22","modified_gmt":"2025-10-15T10:24:22","slug":"owly","status":"publish","type":"page","link":"https:\/\/leko.service.th-nuernberg.de\/owl\/owly\/","title":{"rendered":"Owly"},"content":{"rendered":"\n<section class=\"wp-block-uagb-section uagb-section__wrap uagb-section__background-color alignfull uagb-block-374d1a1c\"><div class=\"uagb-section__overlay\"><\/div><div class=\"uagb-section__inner-wrap\">\n<h2 class=\"wp-block-heading\">Schreibimpulse mit Owly<\/h2>\n\n\n\n<p>Festgefahren im Schreibprozess? Unsicher, wie du deinen Text noch besser machen kannst? Ich bin Owly und unterst\u00fctze dich gerne mit Schreibimpulsen. Mit gezielten Fragen gebe ich dir Denkanst\u00f6\u00dfe, um deinen wissenschaftlichen Text zu reflektieren und eigenst\u00e4ndig zu \u00fcberarbeiten. Dein Text bleibt dabei also immer ganz dein eigener!<\/p>\n\n\n\n<p>W\u00e4hle einfach eine Schreibphase aus, \u00fcber die du gerade reflektieren m\u00f6chtest, und beantworte dir die einzelnen Fragen. Mach dir gern Notizen, wenn du m\u00f6chtest.<\/p>\n\n\n\n<div style=\"height:30px\" aria-hidden=\"true\" class=\"wp-block-spacer\"><\/div>\n<\/div><\/section>\n\n\n\n<section class=\"wp-block-uagb-columns uagb-columns__wrap uagb-columns__background-none uagb-columns__stack-mobile uagb-columns__valign- uagb-columns__gap-10 align uagb-columns__reverse-mobile uagb-block-9e3b55e2 uagb-columns__columns-2 uagb-columns__max_width-theme\"><div class=\"uagb-columns__overlay\"><\/div><div class=\"uagb-columns__inner-wrap uagb-columns__columns-2\">\n<div class=\"wp-block-uagb-column uagb-column__wrap uagb-column__background-undefined uagb-block-48590117\"><div class=\"uagb-column__overlay\"><\/div>\n<figure class=\"wp-block-image size-full\"><img loading=\"lazy\" decoding=\"async\" width=\"1000\" height=\"1000\" src=\"https:\/\/leko.service.th-nuernberg.de\/owl\/wp-content\/uploads\/owly_schreibtutorin_gespiegelt_2.png\" alt=\"\" class=\"wp-image-6296\" style=\"object-fit:cover\" srcset=\"https:\/\/leko.service.th-nuernberg.de\/owl\/wp-content\/uploads\/owly_schreibtutorin_gespiegelt_2.png 1000w, https:\/\/leko.service.th-nuernberg.de\/owl\/wp-content\/uploads\/owly_schreibtutorin_gespiegelt_2-500x500.png 500w, https:\/\/leko.service.th-nuernberg.de\/owl\/wp-content\/uploads\/owly_schreibtutorin_gespiegelt_2-768x768.png 768w\" sizes=\"auto, (max-width: 1000px) 100vw, 1000px\" \/><\/figure>\n<\/div>\n\n\n\n<div class=\"wp-block-uagb-column uagb-column__wrap uagb-column__background-undefined uagb-block-5d2a9f7b\"><div class=\"uagb-column__overlay\"><\/div>\n<h3 class=\"wp-block-heading\" style=\"font-size:30px\">Hallo! Womit kann ich dir heute helfen?<\/h3>\n\n\n\n<div id=\"owly\">\n\n\n\n<\/div>\n<\/div>\n<\/div><\/section>\n\n\n\t\t<div class=\"wpulike wpulike-default \" ><div class=\"wp_ulike_general_class wp_ulike_is_restricted\"><button type=\"button\"\n\t\t\t\t\taria-label=\"Like Button\"\n\t\t\t\t\tdata-ulike-id=\"5516\"\n\t\t\t\t\tdata-ulike-nonce=\"02cfc90010\"\n\t\t\t\t\tdata-ulike-type=\"post\"\n\t\t\t\t\tdata-ulike-template=\"wpulike-default\"\n\t\t\t\t\tdata-ulike-display-likers=\"\"\n\t\t\t\t\tdata-ulike-likers-style=\"popover\"\n\t\t\t\t\tclass=\"wp_ulike_btn wp_ulike_put_text wp_post_btn_5516\"><span>War dieser Artikel hilfreich?<\/span>\t\t\t\t<\/button><span class=\"count-box wp_ulike_counter_up\" data-ulike-counter-value=\"+12\"><\/span>\t\t\t<\/div><\/div>\n\t\n\n\n\n<a id=\"thn_share_button\" class=\"button share\" data-tippy-placement=\"right\" data-tippy-trigger=\"click\" data-tippy-content=\"Der Link zu diesem Artikel wurde in die Zwischenablage kopiert.\" href=\"https:\/\/leko.service.th-nuernberg.de\/owl\/owly\"><span class=\"fa fa-link\"><\/span>Diesen Artikel teilen<\/a>\n<div class=\"feedback-text\">Verbesserungsvorschl\u00e4ge? <a href=\"mailto:schreibzentrum@th-nurnberg.de\">Schreib uns!<\/a><\/div>\n","protected":false},"excerpt":{"rendered":"<p>Hallo! Womit kann ich dir heute helfen? Diesen Artikel teilen Verbesserungsvorschl\u00e4ge? Schreib uns!<\/p>\n","protected":false},"author":1,"featured_media":0,"parent":0,"menu_order":0,"comment_status":"closed","ping_status":"closed","template":"","meta":{"_acf_changed":false,"_coblocks_attr":"","_coblocks_dimensions":"","_coblocks_responsive_height":"","_coblocks_accordion_ie_support":"","_uag_custom_page_level_css":"","site-sidebar-layout":"default","site-content-layout":"default","ast-site-content-layout":"default","site-content-style":"default","site-sidebar-style":"default","ast-global-header-display":"","ast-banner-title-visibility":"","ast-main-header-display":"","ast-hfb-above-header-display":"","ast-hfb-below-header-display":"","ast-hfb-mobile-header-display":"","site-post-title":"","ast-breadcrumbs-content":"","ast-featured-img":"","footer-sml-layout":"","ast-disable-related-posts":"","theme-transparent-header-meta":"default","adv-header-id-meta":"","stick-header-meta":"","header-above-stick-meta":"","header-main-stick-meta":"","header-below-stick-meta":"","astra-migrate-meta-layouts":"set","ast-page-background-enabled":"default","ast-page-background-meta":{"desktop":{"background-color":"var(--ast-global-color-4)","background-image":"","background-repeat":"repeat","background-position":"center center","background-size":"auto","background-attachment":"scroll","background-type":"","background-media":"","overlay-type":"","overlay-color":"","overlay-gradient":""},"tablet":{"background-color":"","background-image":"","background-repeat":"repeat","background-position":"center center","background-size":"auto","background-attachment":"scroll","background-type":"","background-media":"","overlay-type":"","overlay-color":"","overlay-gradient":""},"mobile":{"background-color":"","background-image":"","background-repeat":"repeat","background-position":"center center","background-size":"auto","background-attachment":"scroll","background-type":"","background-media":"","overlay-type":"","overlay-color":"","overlay-gradient":""}},"ast-content-background-meta":{"desktop":{"background-color":"var(--ast-global-color-5)","background-image":"","background-repeat":"repeat","background-position":"center center","background-size":"auto","background-attachment":"scroll","background-type":"","background-media":"","overlay-type":"","overlay-color":"","overlay-gradient":""},"tablet":{"background-color":"var(--ast-global-color-5)","background-image":"","background-repeat":"repeat","background-position":"center center","background-size":"auto","background-attachment":"scroll","background-type":"","background-media":"","overlay-type":"","overlay-color":"","overlay-gradient":""},"mobile":{"background-color":"var(--ast-global-color-5)","background-image":"","background-repeat":"repeat","background-position":"center center","background-size":"auto","background-attachment":"scroll","background-type":"","background-media":"","overlay-type":"","overlay-color":"","overlay-gradient":""}},"footnotes":""},"class_list":["post-5516","page","type-page","status-publish","hentry"],"acf":[],"yoast_head":"<!-- This site is optimized with the Yoast SEO plugin v27.1.1 - https:\/\/yoast.com\/product\/yoast-seo-wordpress\/ -->\n<title>Owly - Online Writing Lab<\/title>\n<meta name=\"robots\" content=\"index, follow, max-snippet:-1, max-image-preview:large, max-video-preview:-1\" \/>\n<link rel=\"canonical\" href=\"https:\/\/leko.service.th-nuernberg.de\/owl\/owly\/\" \/>\n<meta property=\"og:locale\" content=\"de_DE\" \/>\n<meta property=\"og:type\" content=\"article\" \/>\n<meta property=\"og:title\" content=\"Owly - Online Writing Lab\" \/>\n<meta property=\"og:description\" content=\"Hallo! Womit kann ich dir heute helfen? Diesen Artikel teilen Verbesserungsvorschl\u00e4ge? Schreib uns!\" \/>\n<meta property=\"og:url\" content=\"https:\/\/leko.service.th-nuernberg.de\/owl\/owly\/\" \/>\n<meta property=\"og:site_name\" content=\"Online Writing Lab\" \/>\n<meta property=\"article:modified_time\" content=\"2025-10-15T10:24:22+00:00\" \/>\n<meta property=\"og:image\" content=\"https:\/\/leko.service.th-nuernberg.de\/owl\/wp-content\/uploads\/owly_schreibtutorin_gespiegelt_2.png\" \/>\n\t<meta property=\"og:image:width\" content=\"1000\" \/>\n\t<meta property=\"og:image:height\" content=\"1000\" \/>\n\t<meta property=\"og:image:type\" content=\"image\/png\" \/>\n<meta name=\"twitter:card\" content=\"summary_large_image\" \/>\n<meta name=\"twitter:label1\" content=\"Gesch\u00e4tzte Lesezeit\" \/>\n\t<meta name=\"twitter:data1\" content=\"1\u00a0Minute\" \/>\n<script type=\"application\/ld+json\" class=\"yoast-schema-graph\">{\"@context\":\"https:\/\/schema.org\",\"@graph\":[{\"@type\":\"WebPage\",\"@id\":\"https:\/\/leko.service.th-nuernberg.de\/owl\/owly\/\",\"url\":\"https:\/\/leko.service.th-nuernberg.de\/owl\/owly\/\",\"name\":\"Owly - Online Writing Lab\",\"isPartOf\":{\"@id\":\"https:\/\/leko.service.th-nuernberg.de\/owl\/#website\"},\"primaryImageOfPage\":{\"@id\":\"https:\/\/leko.service.th-nuernberg.de\/owl\/owly\/#primaryimage\"},\"image\":{\"@id\":\"https:\/\/leko.service.th-nuernberg.de\/owl\/owly\/#primaryimage\"},\"thumbnailUrl\":\"https:\/\/leko.service.th-nuernberg.de\/owl\/wp-content\/uploads\/owly_schreibtutorin_gespiegelt_2.png\",\"datePublished\":\"2024-10-21T09:28:22+00:00\",\"dateModified\":\"2025-10-15T10:24:22+00:00\",\"breadcrumb\":{\"@id\":\"https:\/\/leko.service.th-nuernberg.de\/owl\/owly\/#breadcrumb\"},\"inLanguage\":\"de\",\"potentialAction\":[{\"@type\":\"ReadAction\",\"target\":[\"https:\/\/leko.service.th-nuernberg.de\/owl\/owly\/\"]}]},{\"@type\":\"ImageObject\",\"inLanguage\":\"de\",\"@id\":\"https:\/\/leko.service.th-nuernberg.de\/owl\/owly\/#primaryimage\",\"url\":\"https:\/\/leko.service.th-nuernberg.de\/owl\/wp-content\/uploads\/owly_schreibtutorin_gespiegelt_2.png\",\"contentUrl\":\"https:\/\/leko.service.th-nuernberg.de\/owl\/wp-content\/uploads\/owly_schreibtutorin_gespiegelt_2.png\",\"width\":1000,\"height\":1000,\"caption\":\"owly schreibtutorin gespiegelt 2\"},{\"@type\":\"BreadcrumbList\",\"@id\":\"https:\/\/leko.service.th-nuernberg.de\/owl\/owly\/#breadcrumb\",\"itemListElement\":[{\"@type\":\"ListItem\",\"position\":1,\"name\":\"Startseite\",\"item\":\"https:\/\/leko.service.th-nuernberg.de\/owl\/\"},{\"@type\":\"ListItem\",\"position\":2,\"name\":\"Owly\"}]},{\"@type\":\"WebSite\",\"@id\":\"https:\/\/leko.service.th-nuernberg.de\/owl\/#website\",\"url\":\"https:\/\/leko.service.th-nuernberg.de\/owl\/\",\"name\":\"Online Writing Lab\",\"description\":\"\",\"publisher\":{\"@id\":\"https:\/\/leko.service.th-nuernberg.de\/owl\/#organization\"},\"potentialAction\":[{\"@type\":\"SearchAction\",\"target\":{\"@type\":\"EntryPoint\",\"urlTemplate\":\"https:\/\/leko.service.th-nuernberg.de\/owl\/?s={search_term_string}\"},\"query-input\":{\"@type\":\"PropertyValueSpecification\",\"valueRequired\":true,\"valueName\":\"search_term_string\"}}],\"inLanguage\":\"de\"},{\"@type\":\"Organization\",\"@id\":\"https:\/\/leko.service.th-nuernberg.de\/owl\/#organization\",\"name\":\"Online Writing Lab\",\"url\":\"https:\/\/leko.service.th-nuernberg.de\/owl\/\",\"logo\":{\"@type\":\"ImageObject\",\"inLanguage\":\"de\",\"@id\":\"https:\/\/leko.service.th-nuernberg.de\/owl\/#\/schema\/logo\/image\/\",\"url\":\"https:\/\/leko.service.th-nuernberg.de\/owl\/wp-content\/uploads\/ohm-logo.png\",\"contentUrl\":\"https:\/\/leko.service.th-nuernberg.de\/owl\/wp-content\/uploads\/ohm-logo.png\",\"width\":1413,\"height\":342,\"caption\":\"Online Writing Lab\"},\"image\":{\"@id\":\"https:\/\/leko.service.th-nuernberg.de\/owl\/#\/schema\/logo\/image\/\"}}]}<\/script>\n<!-- \/ Yoast SEO plugin. -->","yoast_head_json":{"title":"Owly - Online Writing Lab","robots":{"index":"index","follow":"follow","max-snippet":"max-snippet:-1","max-image-preview":"max-image-preview:large","max-video-preview":"max-video-preview:-1"},"canonical":"https:\/\/leko.service.th-nuernberg.de\/owl\/owly\/","og_locale":"de_DE","og_type":"article","og_title":"Owly - Online Writing Lab","og_description":"Hallo! Womit kann ich dir heute helfen? Diesen Artikel teilen Verbesserungsvorschl\u00e4ge? Schreib uns!","og_url":"https:\/\/leko.service.th-nuernberg.de\/owl\/owly\/","og_site_name":"Online Writing Lab","article_modified_time":"2025-10-15T10:24:22+00:00","og_image":[{"width":1000,"height":1000,"url":"https:\/\/leko.service.th-nuernberg.de\/owl\/wp-content\/uploads\/owly_schreibtutorin_gespiegelt_2.png","type":"image\/png"}],"twitter_card":"summary_large_image","twitter_misc":{"Gesch\u00e4tzte Lesezeit":"1\u00a0Minute"},"schema":{"@context":"https:\/\/schema.org","@graph":[{"@type":"WebPage","@id":"https:\/\/leko.service.th-nuernberg.de\/owl\/owly\/","url":"https:\/\/leko.service.th-nuernberg.de\/owl\/owly\/","name":"Owly - Online Writing Lab","isPartOf":{"@id":"https:\/\/leko.service.th-nuernberg.de\/owl\/#website"},"primaryImageOfPage":{"@id":"https:\/\/leko.service.th-nuernberg.de\/owl\/owly\/#primaryimage"},"image":{"@id":"https:\/\/leko.service.th-nuernberg.de\/owl\/owly\/#primaryimage"},"thumbnailUrl":"https:\/\/leko.service.th-nuernberg.de\/owl\/wp-content\/uploads\/owly_schreibtutorin_gespiegelt_2.png","datePublished":"2024-10-21T09:28:22+00:00","dateModified":"2025-10-15T10:24:22+00:00","breadcrumb":{"@id":"https:\/\/leko.service.th-nuernberg.de\/owl\/owly\/#breadcrumb"},"inLanguage":"de","potentialAction":[{"@type":"ReadAction","target":["https:\/\/leko.service.th-nuernberg.de\/owl\/owly\/"]}]},{"@type":"ImageObject","inLanguage":"de","@id":"https:\/\/leko.service.th-nuernberg.de\/owl\/owly\/#primaryimage","url":"https:\/\/leko.service.th-nuernberg.de\/owl\/wp-content\/uploads\/owly_schreibtutorin_gespiegelt_2.png","contentUrl":"https:\/\/leko.service.th-nuernberg.de\/owl\/wp-content\/uploads\/owly_schreibtutorin_gespiegelt_2.png","width":1000,"height":1000,"caption":"owly schreibtutorin gespiegelt 2"},{"@type":"BreadcrumbList","@id":"https:\/\/leko.service.th-nuernberg.de\/owl\/owly\/#breadcrumb","itemListElement":[{"@type":"ListItem","position":1,"name":"Startseite","item":"https:\/\/leko.service.th-nuernberg.de\/owl\/"},{"@type":"ListItem","position":2,"name":"Owly"}]},{"@type":"WebSite","@id":"https:\/\/leko.service.th-nuernberg.de\/owl\/#website","url":"https:\/\/leko.service.th-nuernberg.de\/owl\/","name":"Online Writing Lab","description":"","publisher":{"@id":"https:\/\/leko.service.th-nuernberg.de\/owl\/#organization"},"potentialAction":[{"@type":"SearchAction","target":{"@type":"EntryPoint","urlTemplate":"https:\/\/leko.service.th-nuernberg.de\/owl\/?s={search_term_string}"},"query-input":{"@type":"PropertyValueSpecification","valueRequired":true,"valueName":"search_term_string"}}],"inLanguage":"de"},{"@type":"Organization","@id":"https:\/\/leko.service.th-nuernberg.de\/owl\/#organization","name":"Online Writing Lab","url":"https:\/\/leko.service.th-nuernberg.de\/owl\/","logo":{"@type":"ImageObject","inLanguage":"de","@id":"https:\/\/leko.service.th-nuernberg.de\/owl\/#\/schema\/logo\/image\/","url":"https:\/\/leko.service.th-nuernberg.de\/owl\/wp-content\/uploads\/ohm-logo.png","contentUrl":"https:\/\/leko.service.th-nuernberg.de\/owl\/wp-content\/uploads\/ohm-logo.png","width":1413,"height":342,"caption":"Online Writing Lab"},"image":{"@id":"https:\/\/leko.service.th-nuernberg.de\/owl\/#\/schema\/logo\/image\/"}}]}},"uagb_featured_image_src":{"full":false,"thumbnail":false,"medium":false,"medium_large":false,"large":false,"1536x1536":false,"2048x2048":false},"uagb_author_info":{"display_name":"admin","author_link":"https:\/\/leko.service.th-nuernberg.de\/owl\/author\/admin\/"},"uagb_comment_info":0,"uagb_excerpt":"Hallo! Womit kann ich dir heute helfen? Diesen Artikel teilen Verbesserungsvorschl\u00e4ge? Schreib uns!","_links":{"self":[{"href":"https:\/\/leko.service.th-nuernberg.de\/owl\/wp-json\/wp\/v2\/pages\/5516","targetHints":{"allow":["GET"]}}],"collection":[{"href":"https:\/\/leko.service.th-nuernberg.de\/owl\/wp-json\/wp\/v2\/pages"}],"about":[{"href":"https:\/\/leko.service.th-nuernberg.de\/owl\/wp-json\/wp\/v2\/types\/page"}],"author":[{"embeddable":true,"href":"https:\/\/leko.service.th-nuernberg.de\/owl\/wp-json\/wp\/v2\/users\/1"}],"replies":[{"embeddable":true,"href":"https:\/\/leko.service.th-nuernberg.de\/owl\/wp-json\/wp\/v2\/comments?post=5516"}],"version-history":[{"count":53,"href":"https:\/\/leko.service.th-nuernberg.de\/owl\/wp-json\/wp\/v2\/pages\/5516\/revisions"}],"predecessor-version":[{"id":8665,"href":"https:\/\/leko.service.th-nuernberg.de\/owl\/wp-json\/wp\/v2\/pages\/5516\/revisions\/8665"}],"wp:attachment":[{"href":"https:\/\/leko.service.th-nuernberg.de\/owl\/wp-json\/wp\/v2\/media?parent=5516"}],"curies":[{"name":"wp","href":"https:\/\/api.w.org\/{rel}","templated":true}]}}