{"id":6618,"date":"2025-06-30T09:27:33","date_gmt":"2025-06-30T07:27:33","guid":{"rendered":"https:\/\/leko.service.th-nuernberg.de\/owl\/?page_id=6618"},"modified":"2025-10-02T10:16:53","modified_gmt":"2025-10-02T08:16:53","slug":"impressum","status":"publish","type":"page","link":"https:\/\/leko.service.th-nuernberg.de\/owl\/impressum\/","title":{"rendered":"Impressum"},"content":{"rendered":"\n<div style=\"height:50px\" aria-hidden=\"true\" class=\"wp-block-spacer\"><\/div>\n\n\n\n<h2 class=\"wp-block-heading\">Impressum<\/h2>\n\n\n\n<div style=\"height:30px\" aria-hidden=\"true\" class=\"wp-block-spacer\"><\/div>\n\n\n\n<h3 class=\"wp-block-heading\"><strong>Herausgeber<\/strong><\/h3>\n\n\n\n<p>Das Internetangebot &nbsp;der Technischen Hochschule N\u00fcrnberg Georg Simon Ohm wird im Auftrag des Pr\u00e4sidenten der Hochschule, Prof. Dr. Niels Oberbeck, ver\u00f6ffentlicht.<\/p>\n\n\n\n<div style=\"height:20px\" aria-hidden=\"true\" class=\"wp-block-spacer\"><\/div>\n\n\n\n<h3 class=\"wp-block-heading\"><strong>Anschrift<\/strong><\/h3>\n\n\n\n<p>Technische Hochschule N\u00fcrnberg<br>Ke\u00dflerplatz 12<br>90489 N\u00fcrnberg<br>Tel. 0911-5880-0<br>Fax 0911-5880-8309<br>E-Mail:&nbsp;<a href=\"mailto:info@th-nuernberg.de\">infoatth-nuernbergPunktde<\/a><br>Internet:&nbsp;<a rel=\"noreferrer noopener\" href=\"https:\/\/www.th-nuernberg.de\/\" target=\"_blank\">www.th-nuernberg.de<\/a><\/p>\n\n\n\n<div style=\"height:20px\" aria-hidden=\"true\" class=\"wp-block-spacer\"><\/div>\n\n\n\n<h3 class=\"wp-block-heading\"><strong>Kontaktperson f\u00fcr den Inhalt<\/strong><\/h3>\n\n\n\n<p>Webredaktion der Hochschulkommunikation der TH N\u00fcrnberg<br>Fax 0911-5880-8222<br>E-Mail:&nbsp;<a href=\"mailto:presse@th-nuernberg.de\">presseatth-nuernbergPunktde<\/a><\/p>\n\n\n\n<p>Redaktionell verantwortlich f\u00fcr die Einzelthemen sind die auf den einzelnen Informationsseiten genannten Ansprechpartner*innen oder Einrichtungen der TH N\u00fcrnberg. Die redaktionelle Bearbeitung der Inhalte erfolgt durch die jeweils zust\u00e4ndigen Fakult\u00e4ten und Einrichtungen der TH N\u00fcrnberg.<\/p>\n\n\n\n<div style=\"height:20px\" aria-hidden=\"true\" class=\"wp-block-spacer\"><\/div>\n\n\n\n<h3 class=\"wp-block-heading\"><strong>Zust\u00e4ndige Aufsichtsbeh\u00f6rde<\/strong><\/h3>\n\n\n\n<p>Bayerisches Staatsministerium f\u00fcr Wissenschaft und Kunst<br>Salvatorstra\u00dfe 2<br>80333 M\u00fcnchen<br>Internet:&nbsp;<a rel=\"noreferrer noopener\" href=\"https:\/\/www.stmwk.bayern.de\/\" target=\"_blank\">www.stmwk.bayern.de<\/a><\/p>\n\n\n\n<div style=\"height:20px\" aria-hidden=\"true\" class=\"wp-block-spacer\"><\/div>\n\n\n\n<h3 class=\"wp-block-heading\"><strong>Umsatzsteueridentifikationsnummer<\/strong><\/h3>\n\n\n\n<p>DE 222 858 358 (gem\u00e4\u00df \u00a7 27a Umsatzsteuergesetz)<\/p>\n\n\n\n<div style=\"height:20px\" aria-hidden=\"true\" class=\"wp-block-spacer\"><\/div>\n\n\n\n<h3 class=\"wp-block-heading\"><strong>Nutzungsbedingungen<\/strong><\/h3>\n\n\n\n<p>Texte, Bilder, Grafiken sowie die Gestaltung dieser Internetseiten k\u00f6nnen dem Urheberrecht unterliegen.<\/p>\n\n\n\n<p>Nicht urheberrechtlich gesch\u00fctzt sind nach \u00a7 5 des Urheberrechtsgesetzes (UrhG)<\/p>\n\n\n\n<p>Gesetze, Verordnungen, amtliche Erlasse und Bekanntmachungen sowie Entscheidungen und amtlich verfasste Leits\u00e4tze zu Entscheidungen und andere amtliche Werke, die im amtlichen Interesse zur allgemeinen Kenntnisnahme ver\u00f6ffentlicht worden sind davon ausgenommen, mit der Einschr\u00e4nkung, dass die Bestimmungen \u00fcber \u00c4nderungsverbot und Quellenangabe in \u00a7 62 Abs. 1 bis 3 und \u00a7 63 Abs. 1 und 2 UrhG entsprechend anzuwenden sind.<\/p>\n\n\n\n<p>Als Privatperson d\u00fcrfen Sie urheberrechtlich gesch\u00fctztes Material zum privaten und sonstigen eigenen Gebrauch im Rahmen des&nbsp;&nbsp;<a href=\"https:\/\/www.gesetze-im-internet.de\/urhg\/__53.html\">\u00a7 53 Urheberrechtsgesetz (UrhG)&nbsp;<\/a>&nbsp; verwenden. Eine Vervielf\u00e4ltigung oder Verwendung urheberrechtlich gesch\u00fctzten Materials dieser Seiten oder Teilen davon in anderen elektronischen oder gedruckten Publikationen und deren Ver\u00f6ffentlichung ist nur mit unserer Einwilligung gestattet. Diese erteilen auf Anfrage die f\u00fcr den Inhalt Verantwortlichen. Der Nachdruck und die Auswertung von Pressemitteilungen und Reden sind mit Quellenangabe allgemein gestattet.<\/p>\n\n\n\n<p>Weiterhin k\u00f6nnen Texte, Bilder, Grafiken und sonstige Dateien ganz oder teilweise dem Urheberrecht Dritter unterliegen. Auch \u00fcber das Bestehen m\u00f6glicher Rechte Dritter geben Ihnen die f\u00fcr den Inhalt Verantwortlichen n\u00e4here Ausk\u00fcnfte.<\/p>\n\n\n\n<div style=\"height:20px\" aria-hidden=\"true\" class=\"wp-block-spacer\"><\/div>\n\n\n\n<h3 class=\"wp-block-heading\"><strong>Haftungsausschluss<\/strong><\/h3>\n\n\n\n<p>Die Inhalte dieses Internetangebotes und die bereitgestellten Informationen sind sorgf\u00e4ltig recherchiert und nach bestem Wissen und Gewissen erarbeitet und gepr\u00fcft. In regelm\u00e4\u00dfigen Abst\u00e4nden werden sie \u00fcberpr\u00fcft, berichtigt, erg\u00e4nzt und aktualisiert.&nbsp; Dennoch kann die Technische Hochschule N\u00fcrnberg Georg Simon Ohm keine Gew\u00e4hr f\u00fcr die Aktualit\u00e4t, Richtigkeit, Vollst\u00e4ndigkeit, rechtliche Unbedenklichkeit, Qualit\u00e4t und jederzeitige Verf\u00fcgbarkeit der bereitgestellten Informationen \u00fcbernehmen.<\/p>\n\n\n\n<p>Es wird nicht gehaftet f\u00fcr Sch\u00e4den oder sonstige Konsequenzen, die durch die direkte oder indirekte Nutzung oder Nichtnutzung der im Internetangebot der Technischen Hochschule N\u00fcrnberg Georg Simon Ohm angebotenen Informationen entstehen. Der Haftungsausschluss gilt nicht, soweit die Vorschriften des \u00a7 839 BGB (Haftung bei Amtspflichtverletzung) einschl\u00e4gig sind. F\u00fcr etwaige Sch\u00e4den, die beim Aufrufen oder Herunterladen von Daten durch Computerviren, Manipulations- oder sonstige Schadsoftware oder bei der Installation oder Nutzung von Software oder Daten verursacht werden, wird nicht gehaftet.<br>Namentlich gekennzeichnete Internetseiten oder Inhalte geben die Auffassungen und Erkenntnisse der abfassenden Personen wieder.<\/p>\n\n\n\n<p>Als Diensteanbieter sind wir gem\u00e4\u00df \u00a7 7 Abs.1 TMG f\u00fcr eigene Inhalte auf diesen Seiten nach den allgemeinen Gesetzen verantwortlich. Nach \u00a7 8 bis 10 TMG sind wir als Diensteanbieter jedoch nicht verpflichtet, \u00fcbermittelte oder gespeicherte fremde Informationen zu \u00fcberwachen oder nach Umst\u00e4nden zu forschen, die auf eine rechtswidrige T\u00e4tigkeit hinweisen. Verpflichtungen zur Entfernung oder Sperrung der Nutzung von Informationen nach den allgemeinen Gesetzen bleiben hiervon unber\u00fchrt. Eine diesbez\u00fcgliche Haftung ist jedoch erst ab dem Zeitpunkt der Kenntnis einer konkreten Rechtsverletzung m\u00f6glich. Bei Bekanntwerden von entsprechenden Rechtsverletzungen werden wir diese Inhalte umgehend entfernen.<\/p>\n\n\n\n<p>Die Technische Hochschule N\u00fcrnberg Georg Simon Ohm beh\u00e4lt es sich ausdr\u00fccklich vor, einzelne Webseiten oder das gesamte Internetangebot ohne gesonderte Ank\u00fcndigung zu ver\u00e4ndern, zu erg\u00e4nzen, zu l\u00f6schen oder die Ver\u00f6ffentlichung zeitweise oder endg\u00fcltig einzustellen.<\/p>\n\n\n\n<div style=\"height:20px\" aria-hidden=\"true\" class=\"wp-block-spacer\"><\/div>\n\n\n\n<h3 class=\"wp-block-heading\"><strong>Links<\/strong><\/h3>\n\n\n\n<p>Von unseren eigenen Inhalten sind Querverweise (\u201eLinks\u201c) auf die Webseiten anderer Anbieter zu unterscheiden. Durch diese Links erm\u00f6glichen wir lediglich den Zugang zur Nutzung fremder Inhalte nach \u00a7 8 Telemediengesetz. Bei der erstmaligen Verkn\u00fcpfung mit diesen Internetangeboten haben wir diese fremden Inhalte daraufhin \u00fcberpr\u00fcft, ob durch sie eine m\u00f6gliche zivilrechtliche oder strafrechtliche Verantwortlichkeit ausgel\u00f6st wird. Wir k\u00f6nnen diese fremden Inhalte aber nicht st\u00e4ndig auf Ver\u00e4nderungen \u00fcberpr\u00fcfen und daher auch keine Verantwortung daf\u00fcr \u00fcbernehmen. F\u00fcr illegale, fehlerhafte oder unvollst\u00e4ndige Inhalte und insbesondere f\u00fcr Sch\u00e4den, die aus der Nutzung oder Nichtnutzung von Informationen Dritter entstehen, haftet allein der jeweilige Anbieter der Seite.<\/p>\n\n\n\n<div style=\"height:20px\" aria-hidden=\"true\" class=\"wp-block-spacer\"><\/div>\n\n\n\n<h3 class=\"wp-block-heading\"><strong>Urheberrecht \/ Copyright<\/strong><\/h3>\n\n\n\n<p>Die Kopie und die Weiterverwendung von Text und Graphik erfordert die Zustimmung der Technischen Hochschule N\u00fcrnberg Georg Simon Ohm. Zudem gilt zu beachten, dass Bilder, Graphiken, Text- oder sonstige Dateien ganz oder teilweise dem Urheberrecht Dritter unterliegen.<\/p>\n\n\n\n<div style=\"height:20px\" aria-hidden=\"true\" class=\"wp-block-spacer\"><\/div>\n\n\n\n<h3 class=\"wp-block-heading\"><strong>Rechtswirksamkeit der vorstehenden Bestimmungen<\/strong><\/h3>\n\n\n\n<p>Die vorstehenden Bestimmungen, insb. die vorstehend bestimmten Haftungs- und Gew\u00e4hrleistungsausschl\u00fcsse, gelten, soweit nicht ein anderes bestimmt ist, f\u00fcr jedes von der Technischen Hochschule N\u00fcrnberg Georg Simon Ohm betriebene Internetangebot und sind als Teil des Internetangebotes zu betrachten, von dem aus auf diese Seite verwiesen wurde. Sofern einzelne oder mehrere Regelungen der vorstehenden Bestimmungen der geltenden Rechtslage nicht, nicht mehr oder nicht vollst\u00e4ndig entsprechen sollten, bleiben die \u00fcbrigen Regelungen der vorstehenden Bestimmungen in ihrem Inhalt und ihrer G\u00fcltigkeit davon unber\u00fchrt.<\/p>\n\n\n\n<div style=\"height:20px\" aria-hidden=\"true\" class=\"wp-block-spacer\"><\/div>\n\n\n\n<h3 class=\"wp-block-heading\"><strong>Gerichtsstand<\/strong><\/h3>\n\n\n\n<p>Alle aus dieser Website entstehenden Rechtsstreitigkeiten unterliegen ausschlie\u00dflich deutschem Recht.<\/p>\n\n\n\n<p><em>Ge\u00e4ndert: 24. November 2020<\/em><\/p>\n\n\n\n<div style=\"height:20px\" aria-hidden=\"true\" class=\"wp-block-spacer\"><\/div>\n","protected":false},"excerpt":{"rendered":"<p>Impressum Herausgeber Das Internetangebot &nbsp;der Technischen Hochschule N\u00fcrnberg Georg Simon Ohm wird im Auftrag des Pr\u00e4sidenten der Hochschule, Prof. Dr. Niels Oberbeck, ver\u00f6ffentlicht. Anschrift Technische Hochschule N\u00fcrnbergKe\u00dflerplatz 1290489 N\u00fcrnbergTel. 0911-5880-0Fax 0911-5880-8309E-Mail:&nbsp;infoatth-nuernbergPunktdeInternet:&nbsp;www.th-nuernberg.de Kontaktperson f\u00fcr den Inhalt Webredaktion der Hochschulkommunikation der TH N\u00fcrnbergFax 0911-5880-8222E-Mail:&nbsp;presseatth-nuernbergPunktde Redaktionell verantwortlich f\u00fcr die Einzelthemen sind die auf den einzelnen Informationsseiten genannten Ansprechpartner*innen&hellip;<\/p>\n","protected":false},"author":1,"featured_media":0,"parent":0,"menu_order":0,"comment_status":"closed","ping_status":"closed","template":"","meta":{"_acf_changed":false,"_coblocks_attr":"","_coblocks_dimensions":"","_coblocks_responsive_height":"","_coblocks_accordion_ie_support":"","_uag_custom_page_level_css":"","site-sidebar-layout":"default","site-content-layout":"","ast-site-content-layout":"default","site-content-style":"default","site-sidebar-style":"default","ast-global-header-display":"","ast-banner-title-visibility":"","ast-main-header-display":"","ast-hfb-above-header-display":"","ast-hfb-below-header-display":"","ast-hfb-mobile-header-display":"","site-post-title":"","ast-breadcrumbs-content":"","ast-featured-img":"","footer-sml-layout":"","ast-disable-related-posts":"","theme-transparent-header-meta":"","adv-header-id-meta":"","stick-header-meta":"","header-above-stick-meta":"","header-main-stick-meta":"","header-below-stick-meta":"","astra-migrate-meta-layouts":"set","ast-page-background-enabled":"default","ast-page-background-meta":{"desktop":{"background-color":"var(--ast-global-color-4)","background-image":"","background-repeat":"repeat","background-position":"center center","background-size":"auto","background-attachment":"scroll","background-type":"","background-media":"","overlay-type":"","overlay-color":"","overlay-opacity":"","overlay-gradient":""},"tablet":{"background-color":"","background-image":"","background-repeat":"repeat","background-position":"center center","background-size":"auto","background-attachment":"scroll","background-type":"","background-media":"","overlay-type":"","overlay-color":"","overlay-opacity":"","overlay-gradient":""},"mobile":{"background-color":"","background-image":"","background-repeat":"repeat","background-position":"center center","background-size":"auto","background-attachment":"scroll","background-type":"","background-media":"","overlay-type":"","overlay-color":"","overlay-opacity":"","overlay-gradient":""}},"ast-content-background-meta":{"desktop":{"background-color":"var(--ast-global-color-5)","background-image":"","background-repeat":"repeat","background-position":"center center","background-size":"auto","background-attachment":"scroll","background-type":"","background-media":"","overlay-type":"","overlay-color":"","overlay-opacity":"","overlay-gradient":""},"tablet":{"background-color":"var(--ast-global-color-5)","background-image":"","background-repeat":"repeat","background-position":"center center","background-size":"auto","background-attachment":"scroll","background-type":"","background-media":"","overlay-type":"","overlay-color":"","overlay-opacity":"","overlay-gradient":""},"mobile":{"background-color":"var(--ast-global-color-5)","background-image":"","background-repeat":"repeat","background-position":"center center","background-size":"auto","background-attachment":"scroll","background-type":"","background-media":"","overlay-type":"","overlay-color":"","overlay-opacity":"","overlay-gradient":""}},"footnotes":""},"class_list":["post-6618","page","type-page","status-publish","hentry"],"acf":[],"yoast_head":"<!-- This site is optimized with the Yoast SEO plugin v27.1.1 - https:\/\/yoast.com\/product\/yoast-seo-wordpress\/ -->\n<title>Impressum - Online Writing Lab<\/title>\n<meta name=\"robots\" content=\"index, follow, max-snippet:-1, max-image-preview:large, max-video-preview:-1\" \/>\n<link rel=\"canonical\" href=\"https:\/\/leko.service.th-nuernberg.de\/owl\/impressum\/\" \/>\n<meta property=\"og:locale\" content=\"de_DE\" \/>\n<meta property=\"og:type\" content=\"article\" \/>\n<meta property=\"og:title\" content=\"Impressum - Online Writing Lab\" \/>\n<meta property=\"og:description\" content=\"Impressum Herausgeber Das Internetangebot &nbsp;der Technischen Hochschule N\u00fcrnberg Georg Simon Ohm wird im Auftrag des Pr\u00e4sidenten der Hochschule, Prof. Dr. Niels Oberbeck, ver\u00f6ffentlicht. Anschrift Technische Hochschule N\u00fcrnbergKe\u00dflerplatz 1290489 N\u00fcrnbergTel. 0911-5880-0Fax 0911-5880-8309E-Mail:&nbsp;infoatth-nuernbergPunktdeInternet:&nbsp;www.th-nuernberg.de Kontaktperson f\u00fcr den Inhalt Webredaktion der Hochschulkommunikation der TH N\u00fcrnbergFax 0911-5880-8222E-Mail:&nbsp;presseatth-nuernbergPunktde Redaktionell verantwortlich f\u00fcr die Einzelthemen sind die auf den einzelnen Informationsseiten genannten Ansprechpartner*innen&hellip;\" \/>\n<meta property=\"og:url\" content=\"https:\/\/leko.service.th-nuernberg.de\/owl\/impressum\/\" \/>\n<meta property=\"og:site_name\" content=\"Online Writing Lab\" \/>\n<meta property=\"article:modified_time\" content=\"2025-10-02T08:16:53+00:00\" \/>\n<meta name=\"twitter:card\" content=\"summary_large_image\" \/>\n<meta name=\"twitter:label1\" content=\"Gesch\u00e4tzte Lesezeit\" \/>\n\t<meta name=\"twitter:data1\" content=\"5\u00a0Minuten\" \/>\n<script type=\"application\/ld+json\" class=\"yoast-schema-graph\">{\"@context\":\"https:\/\/schema.org\",\"@graph\":[{\"@type\":\"WebPage\",\"@id\":\"https:\/\/leko.service.th-nuernberg.de\/owl\/impressum\/\",\"url\":\"https:\/\/leko.service.th-nuernberg.de\/owl\/impressum\/\",\"name\":\"Impressum - Online Writing Lab\",\"isPartOf\":{\"@id\":\"https:\/\/leko.service.th-nuernberg.de\/owl\/#website\"},\"datePublished\":\"2025-06-30T07:27:33+00:00\",\"dateModified\":\"2025-10-02T08:16:53+00:00\",\"breadcrumb\":{\"@id\":\"https:\/\/leko.service.th-nuernberg.de\/owl\/impressum\/#breadcrumb\"},\"inLanguage\":\"de\",\"potentialAction\":[{\"@type\":\"ReadAction\",\"target\":[\"https:\/\/leko.service.th-nuernberg.de\/owl\/impressum\/\"]}]},{\"@type\":\"BreadcrumbList\",\"@id\":\"https:\/\/leko.service.th-nuernberg.de\/owl\/impressum\/#breadcrumb\",\"itemListElement\":[{\"@type\":\"ListItem\",\"position\":1,\"name\":\"Startseite\",\"item\":\"https:\/\/leko.service.th-nuernberg.de\/owl\/\"},{\"@type\":\"ListItem\",\"position\":2,\"name\":\"Impressum\"}]},{\"@type\":\"WebSite\",\"@id\":\"https:\/\/leko.service.th-nuernberg.de\/owl\/#website\",\"url\":\"https:\/\/leko.service.th-nuernberg.de\/owl\/\",\"name\":\"Online Writing Lab\",\"description\":\"\",\"publisher\":{\"@id\":\"https:\/\/leko.service.th-nuernberg.de\/owl\/#organization\"},\"potentialAction\":[{\"@type\":\"SearchAction\",\"target\":{\"@type\":\"EntryPoint\",\"urlTemplate\":\"https:\/\/leko.service.th-nuernberg.de\/owl\/?s={search_term_string}\"},\"query-input\":{\"@type\":\"PropertyValueSpecification\",\"valueRequired\":true,\"valueName\":\"search_term_string\"}}],\"inLanguage\":\"de\"},{\"@type\":\"Organization\",\"@id\":\"https:\/\/leko.service.th-nuernberg.de\/owl\/#organization\",\"name\":\"Online Writing Lab\",\"url\":\"https:\/\/leko.service.th-nuernberg.de\/owl\/\",\"logo\":{\"@type\":\"ImageObject\",\"inLanguage\":\"de\",\"@id\":\"https:\/\/leko.service.th-nuernberg.de\/owl\/#\/schema\/logo\/image\/\",\"url\":\"https:\/\/leko.service.th-nuernberg.de\/owl\/wp-content\/uploads\/ohm-logo.png\",\"contentUrl\":\"https:\/\/leko.service.th-nuernberg.de\/owl\/wp-content\/uploads\/ohm-logo.png\",\"width\":1413,\"height\":342,\"caption\":\"Online Writing Lab\"},\"image\":{\"@id\":\"https:\/\/leko.service.th-nuernberg.de\/owl\/#\/schema\/logo\/image\/\"}}]}<\/script>\n<!-- \/ Yoast SEO plugin. -->","yoast_head_json":{"title":"Impressum - Online Writing Lab","robots":{"index":"index","follow":"follow","max-snippet":"max-snippet:-1","max-image-preview":"max-image-preview:large","max-video-preview":"max-video-preview:-1"},"canonical":"https:\/\/leko.service.th-nuernberg.de\/owl\/impressum\/","og_locale":"de_DE","og_type":"article","og_title":"Impressum - Online Writing Lab","og_description":"Impressum Herausgeber Das Internetangebot &nbsp;der Technischen Hochschule N\u00fcrnberg Georg Simon Ohm wird im Auftrag des Pr\u00e4sidenten der Hochschule, Prof. Dr. Niels Oberbeck, ver\u00f6ffentlicht. Anschrift Technische Hochschule N\u00fcrnbergKe\u00dflerplatz 1290489 N\u00fcrnbergTel. 0911-5880-0Fax 0911-5880-8309E-Mail:&nbsp;infoatth-nuernbergPunktdeInternet:&nbsp;www.th-nuernberg.de Kontaktperson f\u00fcr den Inhalt Webredaktion der Hochschulkommunikation der TH N\u00fcrnbergFax 0911-5880-8222E-Mail:&nbsp;presseatth-nuernbergPunktde Redaktionell verantwortlich f\u00fcr die Einzelthemen sind die auf den einzelnen Informationsseiten genannten Ansprechpartner*innen&hellip;","og_url":"https:\/\/leko.service.th-nuernberg.de\/owl\/impressum\/","og_site_name":"Online Writing Lab","article_modified_time":"2025-10-02T08:16:53+00:00","twitter_card":"summary_large_image","twitter_misc":{"Gesch\u00e4tzte Lesezeit":"5\u00a0Minuten"},"schema":{"@context":"https:\/\/schema.org","@graph":[{"@type":"WebPage","@id":"https:\/\/leko.service.th-nuernberg.de\/owl\/impressum\/","url":"https:\/\/leko.service.th-nuernberg.de\/owl\/impressum\/","name":"Impressum - Online Writing Lab","isPartOf":{"@id":"https:\/\/leko.service.th-nuernberg.de\/owl\/#website"},"datePublished":"2025-06-30T07:27:33+00:00","dateModified":"2025-10-02T08:16:53+00:00","breadcrumb":{"@id":"https:\/\/leko.service.th-nuernberg.de\/owl\/impressum\/#breadcrumb"},"inLanguage":"de","potentialAction":[{"@type":"ReadAction","target":["https:\/\/leko.service.th-nuernberg.de\/owl\/impressum\/"]}]},{"@type":"BreadcrumbList","@id":"https:\/\/leko.service.th-nuernberg.de\/owl\/impressum\/#breadcrumb","itemListElement":[{"@type":"ListItem","position":1,"name":"Startseite","item":"https:\/\/leko.service.th-nuernberg.de\/owl\/"},{"@type":"ListItem","position":2,"name":"Impressum"}]},{"@type":"WebSite","@id":"https:\/\/leko.service.th-nuernberg.de\/owl\/#website","url":"https:\/\/leko.service.th-nuernberg.de\/owl\/","name":"Online Writing Lab","description":"","publisher":{"@id":"https:\/\/leko.service.th-nuernberg.de\/owl\/#organization"},"potentialAction":[{"@type":"SearchAction","target":{"@type":"EntryPoint","urlTemplate":"https:\/\/leko.service.th-nuernberg.de\/owl\/?s={search_term_string}"},"query-input":{"@type":"PropertyValueSpecification","valueRequired":true,"valueName":"search_term_string"}}],"inLanguage":"de"},{"@type":"Organization","@id":"https:\/\/leko.service.th-nuernberg.de\/owl\/#organization","name":"Online Writing Lab","url":"https:\/\/leko.service.th-nuernberg.de\/owl\/","logo":{"@type":"ImageObject","inLanguage":"de","@id":"https:\/\/leko.service.th-nuernberg.de\/owl\/#\/schema\/logo\/image\/","url":"https:\/\/leko.service.th-nuernberg.de\/owl\/wp-content\/uploads\/ohm-logo.png","contentUrl":"https:\/\/leko.service.th-nuernberg.de\/owl\/wp-content\/uploads\/ohm-logo.png","width":1413,"height":342,"caption":"Online Writing Lab"},"image":{"@id":"https:\/\/leko.service.th-nuernberg.de\/owl\/#\/schema\/logo\/image\/"}}]}},"uagb_featured_image_src":{"full":false,"thumbnail":false,"medium":false,"medium_large":false,"large":false,"1536x1536":false,"2048x2048":false},"uagb_author_info":{"display_name":"admin","author_link":"https:\/\/leko.service.th-nuernberg.de\/owl\/author\/admin\/"},"uagb_comment_info":0,"uagb_excerpt":"Impressum Herausgeber Das Internetangebot &nbsp;der Technischen Hochschule N\u00fcrnberg Georg Simon Ohm wird im Auftrag des Pr\u00e4sidenten der Hochschule, Prof. Dr. Niels Oberbeck, ver\u00f6ffentlicht. Anschrift Technische Hochschule N\u00fcrnbergKe\u00dflerplatz 1290489 N\u00fcrnbergTel. 0911-5880-0Fax 0911-5880-8309E-Mail:&nbsp;infoatth-nuernbergPunktdeInternet:&nbsp;www.th-nuernberg.de Kontaktperson f\u00fcr den Inhalt Webredaktion der Hochschulkommunikation der TH N\u00fcrnbergFax 0911-5880-8222E-Mail:&nbsp;presseatth-nuernbergPunktde Redaktionell verantwortlich f\u00fcr die Einzelthemen sind die auf den einzelnen Informationsseiten genannten Ansprechpartner*innen&hellip;","_links":{"self":[{"href":"https:\/\/leko.service.th-nuernberg.de\/owl\/wp-json\/wp\/v2\/pages\/6618","targetHints":{"allow":["GET"]}}],"collection":[{"href":"https:\/\/leko.service.th-nuernberg.de\/owl\/wp-json\/wp\/v2\/pages"}],"about":[{"href":"https:\/\/leko.service.th-nuernberg.de\/owl\/wp-json\/wp\/v2\/types\/page"}],"author":[{"embeddable":true,"href":"https:\/\/leko.service.th-nuernberg.de\/owl\/wp-json\/wp\/v2\/users\/1"}],"replies":[{"embeddable":true,"href":"https:\/\/leko.service.th-nuernberg.de\/owl\/wp-json\/wp\/v2\/comments?post=6618"}],"version-history":[{"count":3,"href":"https:\/\/leko.service.th-nuernberg.de\/owl\/wp-json\/wp\/v2\/pages\/6618\/revisions"}],"predecessor-version":[{"id":8572,"href":"https:\/\/leko.service.th-nuernberg.de\/owl\/wp-json\/wp\/v2\/pages\/6618\/revisions\/8572"}],"wp:attachment":[{"href":"https:\/\/leko.service.th-nuernberg.de\/owl\/wp-json\/wp\/v2\/media?parent=6618"}],"curies":[{"name":"wp","href":"https:\/\/api.w.org\/{rel}","templated":true}]}}