{"id":6641,"date":"2025-07-15T11:30:52","date_gmt":"2025-07-15T09:30:52","guid":{"rendered":"https:\/\/leko.service.th-nuernberg.de\/owl\/?page_id=6641"},"modified":"2025-10-02T10:21:35","modified_gmt":"2025-10-02T08:21:35","slug":"imprint","status":"publish","type":"page","link":"https:\/\/leko.service.th-nuernberg.de\/owl\/en\/imprint\/","title":{"rendered":"Imprint"},"content":{"rendered":"\n<div style=\"height:50px\" aria-hidden=\"true\" class=\"wp-block-spacer\"><\/div>\n\n\n\n<h2 class=\"wp-block-heading\">Imprint<\/h2>\n\n\n\n<div style=\"height:30px\" aria-hidden=\"true\" class=\"wp-block-spacer\"><\/div>\n\n\n\n<h3 class=\"wp-block-heading\"><strong><strong>Publisher<\/strong><\/strong><\/h3>\n\n\n\n<p>The online presence of Nuremberg Tech \u2013 Georg Simon Ohm is published on behalf of the university\u2019s president, Prof. Dr. Niels Oberbeck.<\/p>\n\n\n\n<div style=\"height:20px\" aria-hidden=\"true\" class=\"wp-block-spacer\"><\/div>\n\n\n\n<h3 class=\"wp-block-heading\"><strong><strong>Address<\/strong><\/strong><\/h3>\n\n\n\n<p>Technische Hochschule N\u00fcrnberg<br>Ke\u00dflerplatz 12<br>90489 N\u00fcrnberg<br>Tel. 0911-5880-0<br>Fax 0911-5880-8309<br>Email:\u00a0<a href=\"mailto:info@th-nuernberg.de\">infoatth-nuernbergPunktde<\/a><br>Website:\u00a0<a href=\"https:\/\/www.th-nuernberg.de\/\" target=\"_blank\" rel=\"noreferrer noopener\">www.th-nuernberg.de<\/a><\/p>\n\n\n\n<div style=\"height:20px\" aria-hidden=\"true\" class=\"wp-block-spacer\"><\/div>\n\n\n\n<h3 class=\"wp-block-heading\"><strong>Contact person for content<\/strong><\/h3>\n\n\n\n<p>Web editorial team of University Communications, Nuremberg Tec<br>Fax 0911-5880-8222<br>Email:\u00a0<a href=\"mailto:presse@th-nuernberg.de\">presseatth-nuernbergPunktde<\/a><\/p>\n\n\n\n<p>The persons or units named on the individual information pages of Nuremberg Tech are responsible for the specific topics. Editorial work on the content is carried out by the respective faculties and institutions of Nuremberg Tech.<\/p>\n\n\n\n<div style=\"height:20px\" aria-hidden=\"true\" class=\"wp-block-spacer\"><\/div>\n\n\n\n<h3 class=\"wp-block-heading\"><strong>Supervisory authority<\/strong><\/h3>\n\n\n\n<p>Bayerisches Staatsministerium f\u00fcr Wissenschaft und Kunst<br>Salvatorstra\u00dfe 2<br>80333 M\u00fcnchen<br>Website:\u00a0<a href=\"https:\/\/www.stmwk.bayern.de\/\" target=\"_blank\" rel=\"noreferrer noopener\">www.stmwk.bayern.de<\/a><\/p>\n\n\n\n<div style=\"height:20px\" aria-hidden=\"true\" class=\"wp-block-spacer\"><\/div>\n\n\n\n<h3 class=\"wp-block-heading\"><strong>VAT identification number<\/strong><\/h3>\n\n\n\n<p>DE 222 858 358 (pursuant to \u00a7 27a Value Added Tax Act)<\/p>\n\n\n\n<div style=\"height:20px\" aria-hidden=\"true\" class=\"wp-block-spacer\"><\/div>\n\n\n\n<h3 class=\"wp-block-heading\"><strong>Terms of use<\/strong><\/h3>\n\n\n\n<p>Texte, Bilder, Grafiken sowie die Gestaltung dieser Internetseiten k\u00f6nnen dem Urheberrecht unterliegen.<\/p>\n\n\n\n<p>Texts, images, graphics, and the design of these web pages may be subject to copyright.<\/p>\n\n\n\n<p>Not protected by copyright according to \u00a7 5 of the German Copyright Act (UrhG) are:<br>\u2013 laws, regulations, official decrees and announcements, as well as decisions and officially drafted guidelines to decisions, and other official works published in the public interest for general information. The provisions on prohibition of modification and on the obligation to cite sources in \u00a7 62 (1\u20133) and \u00a7 63 (1\u20132) UrhG remain applicable.<\/p>\n\n\n\n<p>As a private person, you may use copyrighted material for private and other personal purposes within the framework of\u00a0\u00a0<a href=\"https:\/\/www.gesetze-im-internet.de\/urhg\/__53.html\">\u00a7 53 German Copyright Act (UrhG)<\/a>. Any reproduction or use of copyrighted material from these pages, or parts thereof, in other electronic or printed publications and their publication is only permitted with our consent. This consent may be granted upon request by those responsible for the content. Reprints and use of press releases and speeches are generally permitted with source reference.<\/p>\n\n\n\n<p>Texts, images, graphics, and other files may also be wholly or partly subject to third-party copyrights. Information on possible third-party rights will also be provided by those responsible for the content.<\/p>\n\n\n\n<div style=\"height:20px\" aria-hidden=\"true\" class=\"wp-block-spacer\"><\/div>\n\n\n\n<h3 class=\"wp-block-heading\"><strong><strong>Disclaimer<\/strong><\/strong><\/h3>\n\n\n\n<p>The contents of this website and the information provided have been carefully researched, developed, and reviewed to the best of our knowledge. They are regularly checked, corrected, supplemented, and updated. Nevertheless, Nuremberg Tech \u2013 Georg Simon Ohm cannot guarantee the timeliness, accuracy, completeness, legal reliability, quality, or constant availability of the information provided.<\/p>\n\n\n\n<p>No liability will be accepted for damages or other consequences resulting from the direct or indirect use or non-use of the information provided on this website. This disclaimer does not apply insofar as the provisions of \u00a7 839 German Civil Code (BGB) on liability for breach of official duty are relevant. No liability is accepted for damages arising from the retrieval or download of data caused by computer viruses, manipulation, or other harmful software, or during the installation or use of software or data. Websites or content identified by name reflect the views and findings of the respective authors<\/p>\n\n\n\n<p>As a service provider, we are responsible for our own content on these pages in accordance with \u00a7 7 (1) TMG and under general law. However, according to \u00a7\u00a7 8\u201310 TMG, we as a service provider are not obligated to monitor transmitted or stored third-party information or to investigate circumstances that indicate unlawful activity. Obligations to remove or block the use of information under general law remain unaffected. Liability in this respect is, however, only possible from the moment we become aware of a specific legal infringement. If we become aware of such infringements, we will remove the relevant content immediately.<\/p>\n\n\n\n<p>Nuremberg Tech \u2013 Georg Simon Ohm expressly reserves the right to modify, supplement, delete, or temporarily or permanently discontinue publication of individual web pages or the entire website without prior notice.<\/p>\n\n\n\n<div style=\"height:20px\" aria-hidden=\"true\" class=\"wp-block-spacer\"><\/div>\n\n\n\n<h3 class=\"wp-block-heading\"><strong>Links<\/strong><\/h3>\n\n\n\n<p>Our own content must be distinguished from cross-references (\u201clinks\u201d) to the websites of other providers. Such links merely provide access to the use of third-party content as defined in \u00a7 8 TMG. When first linking to these external websites, we checked the external content to see whether it might give rise to civil or criminal liability. However, we cannot constantly monitor these external contents for changes and therefore cannot accept responsibility for them. Responsibility for illegal, incorrect, or incomplete content and, in particular, for damages resulting from the use or non-use of third-party information rests solely with the provider of the page.<\/p>\n\n\n\n<div style=\"height:20px\" aria-hidden=\"true\" class=\"wp-block-spacer\"><\/div>\n\n\n\n<h3 class=\"wp-block-heading\"><strong>Copyright<\/strong><\/h3>\n\n\n\n<p>Copying and reusing texts and graphics requires the approval of Nuremberg Tech \u2013 Georg Simon Ohm. Please also note that images, graphics, text, or other files may be wholly or partly subject to third-party copyrights.<\/p>\n\n\n\n<div style=\"height:20px\" aria-hidden=\"true\" class=\"wp-block-spacer\"><\/div>\n\n\n\n<h3 class=\"wp-block-heading\"><strong>Legal validity of the above provisions<\/strong><\/h3>\n\n\n\n<p>The above provisions \u2013 particularly the disclaimers and limitations of liability \u2013 apply, unless otherwise specified, to every website operated by Nuremberg Tech \u2013 Georg Simon Ohm. They are to be regarded as part of the website from which reference was made to this page. If individual provisions do not, no longer, or do not fully comply with the applicable legal situation, the remaining provisions shall remain unaffected in their content and validity.<\/p>\n\n\n\n<div style=\"height:20px\" aria-hidden=\"true\" class=\"wp-block-spacer\"><\/div>\n\n\n\n<h3 class=\"wp-block-heading\"><strong><strong>Jurisdiction<\/strong><\/strong><\/h3>\n\n\n\n<p>All legal disputes arising from this website are subject exclusively to German law.<\/p>\n\n\n\n<p><em>Last updated:  24. November 2020<\/em><\/p>\n\n\n\n<div style=\"height:20px\" aria-hidden=\"true\" class=\"wp-block-spacer\"><\/div>\n\n\n\n<p><\/p>\n","protected":false},"excerpt":{"rendered":"<p>Imprint Publisher The online presence of Nuremberg Tech \u2013 Georg Simon Ohm is published on behalf of the university\u2019s president, Prof. Dr. Niels Oberbeck. Address Technische Hochschule N\u00fcrnbergKe\u00dflerplatz 1290489 N\u00fcrnbergTel. 0911-5880-0Fax 0911-5880-8309Email:\u00a0infoatth-nuernbergPunktdeWebsite:\u00a0www.th-nuernberg.de Contact person for content Web editorial team of University Communications, Nuremberg TecFax 0911-5880-8222Email:\u00a0presseatth-nuernbergPunktde The persons or units named on the individual information pages&hellip;<\/p>\n","protected":false},"author":1,"featured_media":0,"parent":0,"menu_order":0,"comment_status":"closed","ping_status":"closed","template":"","meta":{"_acf_changed":false,"_coblocks_attr":"","_coblocks_dimensions":"","_coblocks_responsive_height":"","_coblocks_accordion_ie_support":"","_uag_custom_page_level_css":"","site-sidebar-layout":"default","site-content-layout":"","ast-site-content-layout":"default","site-content-style":"default","site-sidebar-style":"default","ast-global-header-display":"","ast-banner-title-visibility":"","ast-main-header-display":"","ast-hfb-above-header-display":"","ast-hfb-below-header-display":"","ast-hfb-mobile-header-display":"","site-post-title":"","ast-breadcrumbs-content":"","ast-featured-img":"","footer-sml-layout":"","ast-disable-related-posts":"","theme-transparent-header-meta":"","adv-header-id-meta":"","stick-header-meta":"","header-above-stick-meta":"","header-main-stick-meta":"","header-below-stick-meta":"","astra-migrate-meta-layouts":"set","ast-page-background-enabled":"default","ast-page-background-meta":{"desktop":{"background-color":"var(--ast-global-color-4)","background-image":"","background-repeat":"repeat","background-position":"center center","background-size":"auto","background-attachment":"scroll","background-type":"","background-media":"","overlay-type":"","overlay-color":"","overlay-opacity":"","overlay-gradient":""},"tablet":{"background-color":"","background-image":"","background-repeat":"repeat","background-position":"center center","background-size":"auto","background-attachment":"scroll","background-type":"","background-media":"","overlay-type":"","overlay-color":"","overlay-opacity":"","overlay-gradient":""},"mobile":{"background-color":"","background-image":"","background-repeat":"repeat","background-position":"center center","background-size":"auto","background-attachment":"scroll","background-type":"","background-media":"","overlay-type":"","overlay-color":"","overlay-opacity":"","overlay-gradient":""}},"ast-content-background-meta":{"desktop":{"background-color":"var(--ast-global-color-5)","background-image":"","background-repeat":"repeat","background-position":"center center","background-size":"auto","background-attachment":"scroll","background-type":"","background-media":"","overlay-type":"","overlay-color":"","overlay-opacity":"","overlay-gradient":""},"tablet":{"background-color":"var(--ast-global-color-5)","background-image":"","background-repeat":"repeat","background-position":"center center","background-size":"auto","background-attachment":"scroll","background-type":"","background-media":"","overlay-type":"","overlay-color":"","overlay-opacity":"","overlay-gradient":""},"mobile":{"background-color":"var(--ast-global-color-5)","background-image":"","background-repeat":"repeat","background-position":"center center","background-size":"auto","background-attachment":"scroll","background-type":"","background-media":"","overlay-type":"","overlay-color":"","overlay-opacity":"","overlay-gradient":""}},"footnotes":""},"class_list":["post-6641","page","type-page","status-publish","hentry"],"acf":[],"yoast_head":"<!-- This site is optimized with the Yoast SEO plugin v27.1.1 - https:\/\/yoast.com\/product\/yoast-seo-wordpress\/ -->\n<title>Imprint - Online Writing Lab<\/title>\n<meta name=\"robots\" content=\"index, follow, max-snippet:-1, max-image-preview:large, max-video-preview:-1\" \/>\n<link rel=\"canonical\" href=\"https:\/\/leko.service.th-nuernberg.de\/owl\/en\/imprint\/\" \/>\n<meta property=\"og:locale\" content=\"de_DE\" \/>\n<meta property=\"og:type\" content=\"article\" \/>\n<meta property=\"og:title\" content=\"Imprint - Online Writing Lab\" \/>\n<meta property=\"og:description\" content=\"Imprint Publisher The online presence of Nuremberg Tech \u2013 Georg Simon Ohm is published on behalf of the university\u2019s president, Prof. Dr. Niels Oberbeck. Address Technische Hochschule N\u00fcrnbergKe\u00dflerplatz 1290489 N\u00fcrnbergTel. 0911-5880-0Fax 0911-5880-8309Email:\u00a0infoatth-nuernbergPunktdeWebsite:\u00a0www.th-nuernberg.de Contact person for content Web editorial team of University Communications, Nuremberg TecFax 0911-5880-8222Email:\u00a0presseatth-nuernbergPunktde The persons or units named on the individual information pages&hellip;\" \/>\n<meta property=\"og:url\" content=\"https:\/\/leko.service.th-nuernberg.de\/owl\/en\/imprint\/\" \/>\n<meta property=\"og:site_name\" content=\"Online Writing Lab\" \/>\n<meta property=\"article:modified_time\" content=\"2025-10-02T08:21:35+00:00\" \/>\n<meta name=\"twitter:card\" content=\"summary_large_image\" \/>\n<meta name=\"twitter:label1\" content=\"Gesch\u00e4tzte Lesezeit\" \/>\n\t<meta name=\"twitter:data1\" content=\"5\u00a0Minuten\" \/>\n<script type=\"application\/ld+json\" class=\"yoast-schema-graph\">{\"@context\":\"https:\/\/schema.org\",\"@graph\":[{\"@type\":\"WebPage\",\"@id\":\"https:\/\/leko.service.th-nuernberg.de\/owl\/en\/imprint\/\",\"url\":\"https:\/\/leko.service.th-nuernberg.de\/owl\/en\/imprint\/\",\"name\":\"Imprint - Online Writing Lab\",\"isPartOf\":{\"@id\":\"https:\/\/leko.service.th-nuernberg.de\/owl\/#website\"},\"datePublished\":\"2025-07-15T09:30:52+00:00\",\"dateModified\":\"2025-10-02T08:21:35+00:00\",\"breadcrumb\":{\"@id\":\"https:\/\/leko.service.th-nuernberg.de\/owl\/en\/imprint\/#breadcrumb\"},\"inLanguage\":\"de\",\"potentialAction\":[{\"@type\":\"ReadAction\",\"target\":[\"https:\/\/leko.service.th-nuernberg.de\/owl\/en\/imprint\/\"]}]},{\"@type\":\"BreadcrumbList\",\"@id\":\"https:\/\/leko.service.th-nuernberg.de\/owl\/en\/imprint\/#breadcrumb\",\"itemListElement\":[{\"@type\":\"ListItem\",\"position\":1,\"name\":\"Startseite\",\"item\":\"https:\/\/leko.service.th-nuernberg.de\/owl\/\"},{\"@type\":\"ListItem\",\"position\":2,\"name\":\"Imprint\"}]},{\"@type\":\"WebSite\",\"@id\":\"https:\/\/leko.service.th-nuernberg.de\/owl\/#website\",\"url\":\"https:\/\/leko.service.th-nuernberg.de\/owl\/\",\"name\":\"Online Writing Lab\",\"description\":\"\",\"publisher\":{\"@id\":\"https:\/\/leko.service.th-nuernberg.de\/owl\/#organization\"},\"potentialAction\":[{\"@type\":\"SearchAction\",\"target\":{\"@type\":\"EntryPoint\",\"urlTemplate\":\"https:\/\/leko.service.th-nuernberg.de\/owl\/?s={search_term_string}\"},\"query-input\":{\"@type\":\"PropertyValueSpecification\",\"valueRequired\":true,\"valueName\":\"search_term_string\"}}],\"inLanguage\":\"de\"},{\"@type\":\"Organization\",\"@id\":\"https:\/\/leko.service.th-nuernberg.de\/owl\/#organization\",\"name\":\"Online Writing Lab\",\"url\":\"https:\/\/leko.service.th-nuernberg.de\/owl\/\",\"logo\":{\"@type\":\"ImageObject\",\"inLanguage\":\"de\",\"@id\":\"https:\/\/leko.service.th-nuernberg.de\/owl\/#\/schema\/logo\/image\/\",\"url\":\"https:\/\/leko.service.th-nuernberg.de\/owl\/wp-content\/uploads\/ohm-logo.png\",\"contentUrl\":\"https:\/\/leko.service.th-nuernberg.de\/owl\/wp-content\/uploads\/ohm-logo.png\",\"width\":1413,\"height\":342,\"caption\":\"Online Writing Lab\"},\"image\":{\"@id\":\"https:\/\/leko.service.th-nuernberg.de\/owl\/#\/schema\/logo\/image\/\"}}]}<\/script>\n<!-- \/ Yoast SEO plugin. -->","yoast_head_json":{"title":"Imprint - Online Writing Lab","robots":{"index":"index","follow":"follow","max-snippet":"max-snippet:-1","max-image-preview":"max-image-preview:large","max-video-preview":"max-video-preview:-1"},"canonical":"https:\/\/leko.service.th-nuernberg.de\/owl\/en\/imprint\/","og_locale":"de_DE","og_type":"article","og_title":"Imprint - Online Writing Lab","og_description":"Imprint Publisher The online presence of Nuremberg Tech \u2013 Georg Simon Ohm is published on behalf of the university\u2019s president, Prof. Dr. Niels Oberbeck. Address Technische Hochschule N\u00fcrnbergKe\u00dflerplatz 1290489 N\u00fcrnbergTel. 0911-5880-0Fax 0911-5880-8309Email:\u00a0infoatth-nuernbergPunktdeWebsite:\u00a0www.th-nuernberg.de Contact person for content Web editorial team of University Communications, Nuremberg TecFax 0911-5880-8222Email:\u00a0presseatth-nuernbergPunktde The persons or units named on the individual information pages&hellip;","og_url":"https:\/\/leko.service.th-nuernberg.de\/owl\/en\/imprint\/","og_site_name":"Online Writing Lab","article_modified_time":"2025-10-02T08:21:35+00:00","twitter_card":"summary_large_image","twitter_misc":{"Gesch\u00e4tzte Lesezeit":"5\u00a0Minuten"},"schema":{"@context":"https:\/\/schema.org","@graph":[{"@type":"WebPage","@id":"https:\/\/leko.service.th-nuernberg.de\/owl\/en\/imprint\/","url":"https:\/\/leko.service.th-nuernberg.de\/owl\/en\/imprint\/","name":"Imprint - Online Writing Lab","isPartOf":{"@id":"https:\/\/leko.service.th-nuernberg.de\/owl\/#website"},"datePublished":"2025-07-15T09:30:52+00:00","dateModified":"2025-10-02T08:21:35+00:00","breadcrumb":{"@id":"https:\/\/leko.service.th-nuernberg.de\/owl\/en\/imprint\/#breadcrumb"},"inLanguage":"de","potentialAction":[{"@type":"ReadAction","target":["https:\/\/leko.service.th-nuernberg.de\/owl\/en\/imprint\/"]}]},{"@type":"BreadcrumbList","@id":"https:\/\/leko.service.th-nuernberg.de\/owl\/en\/imprint\/#breadcrumb","itemListElement":[{"@type":"ListItem","position":1,"name":"Startseite","item":"https:\/\/leko.service.th-nuernberg.de\/owl\/"},{"@type":"ListItem","position":2,"name":"Imprint"}]},{"@type":"WebSite","@id":"https:\/\/leko.service.th-nuernberg.de\/owl\/#website","url":"https:\/\/leko.service.th-nuernberg.de\/owl\/","name":"Online Writing Lab","description":"","publisher":{"@id":"https:\/\/leko.service.th-nuernberg.de\/owl\/#organization"},"potentialAction":[{"@type":"SearchAction","target":{"@type":"EntryPoint","urlTemplate":"https:\/\/leko.service.th-nuernberg.de\/owl\/?s={search_term_string}"},"query-input":{"@type":"PropertyValueSpecification","valueRequired":true,"valueName":"search_term_string"}}],"inLanguage":"de"},{"@type":"Organization","@id":"https:\/\/leko.service.th-nuernberg.de\/owl\/#organization","name":"Online Writing Lab","url":"https:\/\/leko.service.th-nuernberg.de\/owl\/","logo":{"@type":"ImageObject","inLanguage":"de","@id":"https:\/\/leko.service.th-nuernberg.de\/owl\/#\/schema\/logo\/image\/","url":"https:\/\/leko.service.th-nuernberg.de\/owl\/wp-content\/uploads\/ohm-logo.png","contentUrl":"https:\/\/leko.service.th-nuernberg.de\/owl\/wp-content\/uploads\/ohm-logo.png","width":1413,"height":342,"caption":"Online Writing Lab"},"image":{"@id":"https:\/\/leko.service.th-nuernberg.de\/owl\/#\/schema\/logo\/image\/"}}]}},"uagb_featured_image_src":{"full":false,"thumbnail":false,"medium":false,"medium_large":false,"large":false,"1536x1536":false,"2048x2048":false},"uagb_author_info":{"display_name":"admin","author_link":"https:\/\/leko.service.th-nuernberg.de\/owl\/author\/admin\/"},"uagb_comment_info":0,"uagb_excerpt":"Imprint Publisher The online presence of Nuremberg Tech \u2013 Georg Simon Ohm is published on behalf of the university\u2019s president, Prof. Dr. Niels Oberbeck. Address Technische Hochschule N\u00fcrnbergKe\u00dflerplatz 1290489 N\u00fcrnbergTel. 0911-5880-0Fax 0911-5880-8309Email:\u00a0infoatth-nuernbergPunktdeWebsite:\u00a0www.th-nuernberg.de Contact person for content Web editorial team of University Communications, Nuremberg TecFax 0911-5880-8222Email:\u00a0presseatth-nuernbergPunktde The persons or units named on the individual information pages&hellip;","_links":{"self":[{"href":"https:\/\/leko.service.th-nuernberg.de\/owl\/wp-json\/wp\/v2\/pages\/6641","targetHints":{"allow":["GET"]}}],"collection":[{"href":"https:\/\/leko.service.th-nuernberg.de\/owl\/wp-json\/wp\/v2\/pages"}],"about":[{"href":"https:\/\/leko.service.th-nuernberg.de\/owl\/wp-json\/wp\/v2\/types\/page"}],"author":[{"embeddable":true,"href":"https:\/\/leko.service.th-nuernberg.de\/owl\/wp-json\/wp\/v2\/users\/1"}],"replies":[{"embeddable":true,"href":"https:\/\/leko.service.th-nuernberg.de\/owl\/wp-json\/wp\/v2\/comments?post=6641"}],"version-history":[{"count":3,"href":"https:\/\/leko.service.th-nuernberg.de\/owl\/wp-json\/wp\/v2\/pages\/6641\/revisions"}],"predecessor-version":[{"id":8573,"href":"https:\/\/leko.service.th-nuernberg.de\/owl\/wp-json\/wp\/v2\/pages\/6641\/revisions\/8573"}],"wp:attachment":[{"href":"https:\/\/leko.service.th-nuernberg.de\/owl\/wp-json\/wp\/v2\/media?parent=6641"}],"curies":[{"name":"wp","href":"https:\/\/api.w.org\/{rel}","templated":true}]}}