{"id":283,"date":"2022-06-10T10:39:33","date_gmt":"2022-06-10T08:39:33","guid":{"rendered":"https:\/\/blendedlearning.th-nuernberg.de\/portal_digitale_lehre\/?page_id=283"},"modified":"2026-03-25T13:47:25","modified_gmt":"2026-03-25T12:47:25","slug":"technologien","status":"publish","type":"page","link":"https:\/\/leko.service.th-nuernberg.de\/portal-digitale-lehre\/technologien\/","title":{"rendered":"Ohm Lehr-Plattformen"},"content":{"rendered":"\n<div class=\"wp-block-cover alignfull\" style=\"min-height:473px;aspect-ratio:unset;\"><img loading=\"lazy\" decoding=\"async\" width=\"7952\" height=\"5304\" class=\"wp-block-cover__image-background wp-image-984\" alt=\"Person bedient Tablet mit Stift \" src=\"https:\/\/leko.service.th-nuernberg.de\/portal-digitale-lehre\/wp-content\/uploads\/2022\/08\/Technologien-Banner-convertkit-QNogYTDTYTw-unsplash.jpg\" style=\"object-position:60% 66%\" data-object-fit=\"cover\" data-object-position=\"60% 66%\" srcset=\"https:\/\/leko.service.th-nuernberg.de\/portal-digitale-lehre\/wp-content\/uploads\/2022\/08\/Technologien-Banner-convertkit-QNogYTDTYTw-unsplash.jpg 7952w, https:\/\/leko.service.th-nuernberg.de\/portal-digitale-lehre\/wp-content\/uploads\/2022\/08\/Technologien-Banner-convertkit-QNogYTDTYTw-unsplash-1024x683.jpg 1024w, https:\/\/leko.service.th-nuernberg.de\/portal-digitale-lehre\/wp-content\/uploads\/2022\/08\/Technologien-Banner-convertkit-QNogYTDTYTw-unsplash-1919x1280.jpg 1919w, https:\/\/leko.service.th-nuernberg.de\/portal-digitale-lehre\/wp-content\/uploads\/2022\/08\/Technologien-Banner-convertkit-QNogYTDTYTw-unsplash-768x512.jpg 768w, https:\/\/leko.service.th-nuernberg.de\/portal-digitale-lehre\/wp-content\/uploads\/2022\/08\/Technologien-Banner-convertkit-QNogYTDTYTw-unsplash-1536x1025.jpg 1536w, https:\/\/leko.service.th-nuernberg.de\/portal-digitale-lehre\/wp-content\/uploads\/2022\/08\/Technologien-Banner-convertkit-QNogYTDTYTw-unsplash-2048x1366.jpg 2048w, https:\/\/leko.service.th-nuernberg.de\/portal-digitale-lehre\/wp-content\/uploads\/2022\/08\/Technologien-Banner-convertkit-QNogYTDTYTw-unsplash-300x200.jpg 300w, https:\/\/leko.service.th-nuernberg.de\/portal-digitale-lehre\/wp-content\/uploads\/2022\/08\/Technologien-Banner-convertkit-QNogYTDTYTw-unsplash-1600x1067.jpg 1600w\" sizes=\"auto, (max-width: 7952px) 100vw, 7952px\" \/><span aria-hidden=\"true\" class=\"wp-block-cover__background has-background-dim-0 has-background-dim\"><\/span><div class=\"wp-block-cover__inner-container is-layout-flow wp-block-cover-is-layout-flow\">\n<section class=\"wp-block-uagb-section uagb-section__wrap uagb-section__background-gradient uagb-block-2ca60299\"><div class=\"uagb-section__overlay\"><\/div><div class=\"uagb-section__inner-wrap\">\n<h2 class=\"wp-block-heading has-ast-global-color-5-color has-text-color\">Plattformen f\u00fcr die Lehre an der TH N\u00fcrnberg<\/h2>\n\n\n\n<p>Hier finden Sie eine \u00dcbersicht \u00fcber Plattformen, die Lehrende an der TH N\u00fcrnberg bei der Umsetzung Ihrer digitalen Lehre zur Verf\u00fcgung stehen. Informationen und weitere Hilfestellungen finden Sie in den genannten Portalen. <br><br>Zeitnah werden auf dieser Seite Tools und Technologien erg\u00e4nzt und vorgestellt, die bei der technischen Gestaltung und Umsetzung zeitgem\u00e4\u00dfer Lehre unterst\u00fctzen.<\/p>\n<\/div><\/section>\n<\/div><\/div>\n\n\n\n<h2 class=\"wp-block-heading alignwide category_title\"><strong><strong>Plattformen f\u00fcr die Lehre an der TH N\u00fcrnberg<\/strong><\/strong><\/h2>\n\n\n\n<div style=\"height:20px\" aria-hidden=\"true\" class=\"wp-block-spacer\"><\/div>\n\n\n\n<section class=\"wp-block-uagb-columns uagb-columns__wrap uagb-columns__background-none uagb-columns__stack-mobile uagb-columns__valign- uagb-columns__gap-15 align uagb-block-36fd4981 uagb-columns__columns-3 uagb-columns__max_width-theme highlight-linkboxes-button\"><div class=\"uagb-columns__overlay\"><\/div><div class=\"uagb-columns__inner-wrap uagb-columns__columns-3\">\n<div class=\"wp-block-uagb-column uagb-column__wrap uagb-column__background-undefined uagb-block-33f26946\"><div class=\"uagb-column__overlay\"><\/div>\n<div class=\"wp-block-uagb-info-box uagb-block-4e6d35e3 uagb-infobox__content-wrap  uagb-infobox-icon-above-title uagb-infobox-image-valign-top\"><div class=\"uagb-ifb-content\"><div class=\"uagb-ifb-image-content\"><img decoding=\"async\" src=\"https:\/\/leko.service.th-nuernberg.de\/portal-digitale-lehre\/wp-content\/uploads\/2022\/08\/moodle_382-3zu2.png\" alt=\"\" width=\"572\" height=\"382\" loading=\"lazy\"\/><\/div><div class=\"uagb-ifb-title-wrap\"><h4 class=\"uagb-ifb-title\"><strong><strong><strong>eLearning \/ Moodle<\/strong><\/strong><\/strong><\/h4><\/div><p class=\"uagb-ifb-desc\">Als Lernmanagementsystem der TH N\u00fcrnberg kommt seit vielen Jahren Moodle zum Einsatz. Moodle hilft dabei eine Lehrveranstaltung digital abzubilden, sowie zu strukturieren. Es ist weiterhin der zentrale Ankerpunkt f\u00fcr die Studierenden.<\/p><div class=\"uagb-ifb-button-wrapper wp-block-button\"><a href=\"https:\/\/elearning.ohmportal.de\/\" class=\"uagb-infobox-cta-link wp-block-button__link\" target=\"_blank\" rel=\"noopener\" onclick=\"return true;\"><span class=\"uagb-inline-editing\">Zu Moodle<\/span><svg xmlns=\"https:\/\/www.w3.org\/2000\/svg\" viewBox=\"0 0 512 512\"><path d=\"M504.3 273.6l-112.1 104c-6.992 6.484-17.18 8.218-25.94 4.406c-8.758-3.812-14.42-12.45-14.42-21.1L351.9 288H32C14.33 288 .0002 273.7 .0002 255.1S14.33 224 32 224h319.9l0-72c0-9.547 5.66-18.19 14.42-22c8.754-3.809 18.95-2.075 25.94 4.41l112.1 104C514.6 247.9 514.6 264.1 504.3 273.6z\"><\/path><\/svg><\/a><\/div><\/div><\/div>\n<\/div>\n\n\n\n<div class=\"wp-block-uagb-column uagb-column__wrap uagb-column__background-undefined uagb-block-d11e4d80\"><div class=\"uagb-column__overlay\"><\/div>\n<div class=\"wp-block-uagb-info-box uagb-block-ea145475 uagb-infobox__content-wrap  uagb-infobox-icon-above-title uagb-infobox-image-valign-top\"><div class=\"uagb-ifb-content\"><div class=\"uagb-ifb-image-content\"><img decoding=\"async\" src=\"https:\/\/leko.service.th-nuernberg.de\/portal-digitale-lehre\/wp-content\/uploads\/2022\/08\/THN_mediasharing-webinar3zu2-1024x682.jpg\" alt=\"\" width=\"1024\" height=\"682\" loading=\"lazy\"\/><\/div><div class=\"uagb-ifb-title-wrap\"><h4 class=\"uagb-ifb-title\"><strong>THN Mediasharing<\/strong><\/h4><\/div><p class=\"uagb-ifb-desc\">Mit der Plattform THN Mediasharing steht den Lehrenden der TH N\u00fcrnberg eine Plattform zum Bereitstellen und Teilen von Materialien f\u00fcr die Lehre in vorwiegend in der Form von Videos zur Verf\u00fcgung. Im Sinne einer gemeinschaftlichen Weiterentwicklung der Lehre k\u00f6nnen diese Materialien mit Angeh\u00f6rigen der Hochschule und\/ oder in Form von Creative Commons mit allen Interessierten geteilt werden.<\/p><div class=\"uagb-ifb-button-wrapper wp-block-button\"><a href=\"https:\/\/mediasharing.service.th-nuernberg.de\/\" class=\"uagb-infobox-cta-link wp-block-button__link\" target=\"_blank\" rel=\"noopener\" onclick=\"return true;\"><span class=\"uagb-inline-editing\">Zu THN Mediasharing<\/span><svg xmlns=\"https:\/\/www.w3.org\/2000\/svg\" viewBox=\"0 0 512 512\"><path d=\"M504.3 273.6l-112.1 104c-6.992 6.484-17.18 8.218-25.94 4.406c-8.758-3.812-14.42-12.45-14.42-21.1L351.9 288H32C14.33 288 .0002 273.7 .0002 255.1S14.33 224 32 224h319.9l0-72c0-9.547 5.66-18.19 14.42-22c8.754-3.809 18.95-2.075 25.94 4.41l112.1 104C514.6 247.9 514.6 264.1 504.3 273.6z\"><\/path><\/svg><\/a><\/div><\/div><\/div>\n<\/div>\n\n\n\n<div class=\"wp-block-uagb-column uagb-column__wrap uagb-column__background-undefined uagb-block-9bf93216\"><div class=\"uagb-column__overlay\"><\/div>\n<div class=\"wp-block-uagb-info-box uagb-block-def97cc3 uagb-infobox__content-wrap  uagb-infobox-icon-above-title uagb-infobox-image-valign-top\"><div class=\"uagb-ifb-content\"><div class=\"uagb-ifb-image-content\"><img decoding=\"async\" src=\"https:\/\/leko.service.th-nuernberg.de\/portal-digitale-lehre\/wp-content\/uploads\/2024\/07\/virtuelle-labore.svg\" alt=\"\" width=\"168\" height=\"168\" loading=\"lazy\"\/><\/div><div class=\"uagb-ifb-title-wrap\"><h4 class=\"uagb-ifb-title\"><strong>Virtuelles Labor<\/strong><\/h4><\/div><p class=\"uagb-ifb-desc\">Virtuelle Labore, die zeit- und ortsunabh\u00e4ngig genutzt werden k\u00f6nnen, erm\u00f6glichen Studierenden Praxiserfahrungen und Praktika vielf\u00e4ltig in einer sicheren Umgebung von Zuhause aus zu erfahren.<\/p><div class=\"uagb-ifb-button-wrapper wp-block-button\"><a href=\"https:\/\/www.th-nuernberg.de\/einrichtungen-gesamt\/administration-und-service\/lehr-und-kompetenzentwicklung\/lehr-und-lernraeume\/virtuelle-labore\/\" class=\"uagb-infobox-cta-link wp-block-button__link\" target=\"_blank\" rel=\"noopener\" onclick=\"return true;\"><span class=\"uagb-inline-editing\">Zu weiteren Informationen<\/span><svg xmlns=\"https:\/\/www.w3.org\/2000\/svg\" viewBox=\"0 0 512 512\"><path d=\"M504.3 273.6l-112.1 104c-6.992 6.484-17.18 8.218-25.94 4.406c-8.758-3.812-14.42-12.45-14.42-21.1L351.9 288H32C14.33 288 .0002 273.7 .0002 255.1S14.33 224 32 224h319.9l0-72c0-9.547 5.66-18.19 14.42-22c8.754-3.809 18.95-2.075 25.94 4.41l112.1 104C514.6 247.9 514.6 264.1 504.3 273.6z\"><\/path><\/svg><\/a><\/div><\/div><\/div>\n<\/div>\n<\/div><\/section>\n\n\n\n<div style=\"height:60px\" aria-hidden=\"true\" class=\"wp-block-spacer\"><\/div>\n\n\n\n<h2 class=\"wp-block-heading alignwide category_title\"><strong><strong><strong>Informationen und Portale<\/strong><\/strong><\/strong><\/h2>\n\n\n\n<div style=\"height:20px\" aria-hidden=\"true\" class=\"wp-block-spacer\"><\/div>\n\n\n\n<section class=\"wp-block-uagb-columns uagb-columns__wrap uagb-columns__background-none uagb-columns__stack-mobile uagb-columns__valign- uagb-columns__gap-15 align uagb-block-2e10be5b uagb-columns__columns-3 uagb-columns__max_width-theme highlight-linkboxes-button\"><div class=\"uagb-columns__overlay\"><\/div><div class=\"uagb-columns__inner-wrap uagb-columns__columns-3\">\n<div class=\"wp-block-uagb-column uagb-column__wrap uagb-column__background-undefined uagb-block-a3acdad7\"><div class=\"uagb-column__overlay\"><\/div>\n<div class=\"wp-block-uagb-info-box uagb-block-3a06eb0d uagb-infobox__content-wrap  uagb-infobox-icon-above-title uagb-infobox-image-valign-top\"><div class=\"uagb-ifb-content\"><div class=\"uagb-ifb-image-content\"><img decoding=\"async\" src=\"https:\/\/leko.service.th-nuernberg.de\/portal-digitale-lehre\/wp-content\/uploads\/2022\/08\/Anleitungen-02-moodle-wiki-3.png\" alt=\"\" width=\"1920\" height=\"1280\" loading=\"lazy\"\/><\/div><div class=\"uagb-ifb-title-wrap\"><h4 class=\"uagb-ifb-title\"><strong><strong>Wiki digitale Lehre<\/strong><\/strong><\/h4><\/div><p class=\"uagb-ifb-desc\">Sammlung von Anleitungen und HowTos zur digitalen Lehre, Systemen und Plattformen, aber auch zur Produktion von digitalen Lehrmaterialien, dem Medienverleih und dem Einsatz von frei nutzbaren Bildungsmaterialien..<\/p><div class=\"uagb-ifb-button-wrapper wp-block-button\"><a href=\"https:\/\/leko.service.th-nuernberg.de\/wiki-digitale-lehre\/\" class=\"uagb-infobox-cta-link wp-block-button__link\" target=\"_blank\" rel=\"noopener\" onclick=\"return true;\"><span class=\"uagb-inline-editing\">Zum Wiki<\/span><svg xmlns=\"https:\/\/www.w3.org\/2000\/svg\" viewBox=\"0 0 512 512\"><path d=\"M504.3 273.6l-112.1 104c-6.992 6.484-17.18 8.218-25.94 4.406c-8.758-3.812-14.42-12.45-14.42-21.1L351.9 288H32C14.33 288 .0002 273.7 .0002 255.1S14.33 224 32 224h319.9l0-72c0-9.547 5.66-18.19 14.42-22c8.754-3.809 18.95-2.075 25.94 4.41l112.1 104C514.6 247.9 514.6 264.1 504.3 273.6z\"><\/path><\/svg><\/a><\/div><\/div><\/div>\n<\/div>\n\n\n\n<div class=\"wp-block-uagb-column uagb-column__wrap uagb-column__background-undefined uagb-block-18fbb2cc\"><div class=\"uagb-column__overlay\"><\/div>\n<div class=\"wp-block-uagb-info-box uagb-block-baae77b2 uagb-infobox__content-wrap  uagb-infobox-icon-above-title uagb-infobox-image-valign-top\"><div class=\"uagb-ifb-content\"><div class=\"uagb-ifb-image-content\"><img decoding=\"async\" src=\"https:\/\/leko.service.th-nuernberg.de\/portal-digitale-lehre\/wp-content\/uploads\/2024\/04\/KI-Logo-kurz.png\" alt=\"\" width=\"622\" height=\"334\" loading=\"lazy\"\/><\/div><div class=\"uagb-ifb-title-wrap\"><h4 class=\"uagb-ifb-title\"><br><strong><strong>KI IN | KI in der Lehre<\/strong><\/strong><\/h4><\/div><p class=\"uagb-ifb-desc\">Die KI-Webseite ist eine umfangreiche Ressource, die Anleitungen, wichtige Informationen und praktische Tipps f\u00fcr die Anwendung von K\u00fcnstlicher Intelligenz (KI) in der Bildung und im t\u00e4glichen Leben bereitstellt. Die Plattform vermittelt wertvolles Wissen und f\u00f6rdert die aktive Beteiligung der Nutzerinnen und Nutzer durch das Einreichen von Kommentaren und Beitr\u00e4gen zu einer Vielzahl von KI-bezogenen Themen.<\/p><div class=\"uagb-ifb-button-wrapper wp-block-button\"><a href=\"https:\/\/ki-in.informatik.fh-nuernberg.de\/\" class=\"uagb-infobox-cta-link wp-block-button__link\" target=\"_blank\" rel=\"noopener\" onclick=\"return true;\"><span class=\"uagb-inline-editing\">Zur KI-Webseite (VPN n\u00f6tig)<\/span><svg xmlns=\"https:\/\/www.w3.org\/2000\/svg\" viewBox=\"0 0 512 512\"><path d=\"M504.3 273.6l-112.1 104c-6.992 6.484-17.18 8.218-25.94 4.406c-8.758-3.812-14.42-12.45-14.42-21.1L351.9 288H32C14.33 288 .0002 273.7 .0002 255.1S14.33 224 32 224h319.9l0-72c0-9.547 5.66-18.19 14.42-22c8.754-3.809 18.95-2.075 25.94 4.41l112.1 104C514.6 247.9 514.6 264.1 504.3 273.6z\"><\/path><\/svg><\/a><\/div><\/div><\/div>\n<\/div>\n\n\n\n<div class=\"wp-block-uagb-column uagb-column__wrap uagb-column__background-undefined uagb-block-6c731b84\"><div class=\"uagb-column__overlay\"><\/div><\/div>\n<\/div><\/section>\n\n\n\n<div style=\"height:60px\" aria-hidden=\"true\" class=\"wp-block-spacer\"><\/div>\n\n\n\n<div style=\"height:50px\" aria-hidden=\"true\" class=\"wp-block-spacer\"><\/div>\n","protected":false},"excerpt":{"rendered":"<p>Plattformen f\u00fcr die Lehre an der TH N\u00fcrnberg Informationen und Portale<\/p>\n","protected":false},"author":1,"featured_media":0,"parent":0,"menu_order":0,"comment_status":"closed","ping_status":"closed","template":"","meta":{"_acf_changed":false,"_coblocks_attr":"","_coblocks_dimensions":"","_coblocks_responsive_height":"","_coblocks_accordion_ie_support":"","_uag_custom_page_level_css":"","site-sidebar-layout":"default","site-content-layout":"","ast-site-content-layout":"default","site-content-style":"default","site-sidebar-style":"default","ast-global-header-display":"","ast-banner-title-visibility":"","ast-main-header-display":"","ast-hfb-above-header-display":"","ast-hfb-below-header-display":"","ast-hfb-mobile-header-display":"","site-post-title":"","ast-breadcrumbs-content":"","ast-featured-img":"","footer-sml-layout":"","theme-transparent-header-meta":"","adv-header-id-meta":"","stick-header-meta":"","header-above-stick-meta":"","header-main-stick-meta":"","header-below-stick-meta":"","astra-migrate-meta-layouts":"set","ast-page-background-enabled":"default","ast-page-background-meta":{"desktop":{"background-color":"var(--ast-global-color-4)","background-image":"","background-repeat":"repeat","background-position":"center center","background-size":"auto","background-attachment":"scroll","background-type":"","background-media":"","overlay-type":"","overlay-color":"","overlay-opacity":"","overlay-gradient":""},"tablet":{"background-color":"","background-image":"","background-repeat":"repeat","background-position":"center center","background-size":"auto","background-attachment":"scroll","background-type":"","background-media":"","overlay-type":"","overlay-color":"","overlay-opacity":"","overlay-gradient":""},"mobile":{"background-color":"","background-image":"","background-repeat":"repeat","background-position":"center center","background-size":"auto","background-attachment":"scroll","background-type":"","background-media":"","overlay-type":"","overlay-color":"","overlay-opacity":"","overlay-gradient":""}},"ast-content-background-meta":{"desktop":{"background-color":"var(--ast-global-color-5)","background-image":"","background-repeat":"repeat","background-position":"center center","background-size":"auto","background-attachment":"scroll","background-type":"","background-media":"","overlay-type":"","overlay-color":"","overlay-opacity":"","overlay-gradient":""},"tablet":{"background-color":"var(--ast-global-color-5)","background-image":"","background-repeat":"repeat","background-position":"center center","background-size":"auto","background-attachment":"scroll","background-type":"","background-media":"","overlay-type":"","overlay-color":"","overlay-opacity":"","overlay-gradient":""},"mobile":{"background-color":"var(--ast-global-color-5)","background-image":"","background-repeat":"repeat","background-position":"center center","background-size":"auto","background-attachment":"scroll","background-type":"","background-media":"","overlay-type":"","overlay-color":"","overlay-opacity":"","overlay-gradient":""}},"footnotes":""},"class_list":["post-283","page","type-page","status-publish","hentry"],"acf":[],"uagb_featured_image_src":{"full":false,"thumbnail":false,"medium":false,"medium_large":false,"large":false,"1536x1536":false,"2048x2048":false},"uagb_author_info":{"display_name":"admin","author_link":"https:\/\/leko.service.th-nuernberg.de\/portal-digitale-lehre\/author\/admin\/"},"uagb_comment_info":0,"uagb_excerpt":"Plattformen f\u00fcr die Lehre an der TH N\u00fcrnberg Informationen und Portale","_links":{"self":[{"href":"https:\/\/leko.service.th-nuernberg.de\/portal-digitale-lehre\/wp-json\/wp\/v2\/pages\/283","targetHints":{"allow":["GET"]}}],"collection":[{"href":"https:\/\/leko.service.th-nuernberg.de\/portal-digitale-lehre\/wp-json\/wp\/v2\/pages"}],"about":[{"href":"https:\/\/leko.service.th-nuernberg.de\/portal-digitale-lehre\/wp-json\/wp\/v2\/types\/page"}],"author":[{"embeddable":true,"href":"https:\/\/leko.service.th-nuernberg.de\/portal-digitale-lehre\/wp-json\/wp\/v2\/users\/1"}],"replies":[{"embeddable":true,"href":"https:\/\/leko.service.th-nuernberg.de\/portal-digitale-lehre\/wp-json\/wp\/v2\/comments?post=283"}],"version-history":[{"count":59,"href":"https:\/\/leko.service.th-nuernberg.de\/portal-digitale-lehre\/wp-json\/wp\/v2\/pages\/283\/revisions"}],"predecessor-version":[{"id":3969,"href":"https:\/\/leko.service.th-nuernberg.de\/portal-digitale-lehre\/wp-json\/wp\/v2\/pages\/283\/revisions\/3969"}],"wp:attachment":[{"href":"https:\/\/leko.service.th-nuernberg.de\/portal-digitale-lehre\/wp-json\/wp\/v2\/media?parent=283"}],"curies":[{"name":"wp","href":"https:\/\/api.w.org\/{rel}","templated":true}]}}